{"id":31,"date":"2021-08-27T10:01:08","date_gmt":"2021-08-27T08:01:08","guid":{"rendered":"https:\/\/projekti.pmfst.unist.hr\/floods\/tsunamis\/?page_id=31"},"modified":"2023-05-03T17:18:49","modified_gmt":"2023-05-03T15:18:49","slug":"adriatic-catalogue","status":"publish","type":"page","link":"https:\/\/projekti.pmfst.unist.hr\/floods\/tsunamis\/adriatic-catalogue\/","title":{"rendered":"Adriatic Catalogue"},"content":{"rendered":"\t\t<div data-elementor-type=\"wp-page\" data-elementor-id=\"31\" class=\"elementor elementor-31\" data-elementor-post-type=\"page\">\n\t\t\t\t\t\t<section class=\"elementor-section elementor-top-section elementor-element elementor-element-ebcefbf elementor-section-full_width elementor-section-height-default elementor-section-height-default\" data-id=\"ebcefbf\" data-element_type=\"section\">\n\t\t\t\t\t\t<div class=\"elementor-container elementor-column-gap-default\">\n\t\t\t\t\t<div class=\"elementor-column elementor-col-100 elementor-top-column elementor-element elementor-element-b7f8a39\" data-id=\"b7f8a39\" data-element_type=\"column\">\n\t\t\t<div class=\"elementor-widget-wrap elementor-element-populated\">\n\t\t\t\t\t\t<div class=\"elementor-element elementor-element-c0f199e elementor-widget elementor-widget-heading\" data-id=\"c0f199e\" data-element_type=\"widget\" data-widget_type=\"heading.default\">\n\t\t\t\t<div class=\"elementor-widget-container\">\n\t\t\t\t\t<h2 class=\"elementor-heading-title elementor-size-default\">ADRIATIC CATALOGUE<\/h2>\t\t\t\t<\/div>\n\t\t\t\t<\/div>\n\t\t\t\t\t<\/div>\n\t\t<\/div>\n\t\t\t\t\t<\/div>\n\t\t<\/section>\n\t\t\t\t<section class=\"elementor-section elementor-top-section elementor-element elementor-element-34010e1 elementor-section-full_width elementor-section-height-default elementor-section-height-default\" data-id=\"34010e1\" data-element_type=\"section\">\n\t\t\t\t\t\t<div class=\"elementor-container elementor-column-gap-default\">\n\t\t\t\t\t<div class=\"elementor-column elementor-col-100 elementor-top-column elementor-element elementor-element-c4d0b93\" data-id=\"c4d0b93\" data-element_type=\"column\">\n\t\t\t<div class=\"elementor-widget-wrap elementor-element-populated\">\n\t\t\t\t\t\t<div class=\"elementor-element elementor-element-69d7286 elementor-widget elementor-widget-shortcode\" data-id=\"69d7286\" data-element_type=\"widget\" data-widget_type=\"shortcode.default\">\n\t\t\t\t<div class=\"elementor-widget-container\">\n\t\t\t\t\t\n    <table id=\"tsunamiTable\" class=\"display\">\n    <thead>\n      <th>Number<\/th>\n      <th>Location<\/th>\n      <th>Country<\/th>\n      <th>Date<\/th>\n      <th>Earthquake<\/th>\n      <th>Epicentre lat.<\/th>\n      <th>Epicentre lng.<\/th>\n      <th>Macroseismic intensity<\/th>\n      <th>Earthquake magnitude<\/th>\n      <th>Tsunami int.<br\/>Sieberg-Ambraseys<\/th>\n      <th>Tsunami int.<br\/>Papadopoulos-Imamura<\/th>\n      <th title=\"2=questionable tsunami; 3=probable tsunami; 4=definite tsunami\">Reliability <i class=\"fas fa-info-circle\"><\/i><\/th>\n      <th>Closest tide gauge<\/th>\n      <th>Source<\/th>\n    <\/thead>\n    <tbody>\n  <tr><td><a href=\"https:\/\/projekti.pmfst.unist.hr\/floods\/tsunamis\/?p=2473\">15d<\/a><\/td><td><a href=\"\/floods\/tsunamis\/?lat=41.92335&lng=19.20409\">Ulcinj<\/a><\/td><td>Monte Negro<\/td><td data-sort=\"292982400\">15 April 1979<\/td><td>Submarine<\/td><td>42.02<\/td><td>19.07<\/td><td data-sort=\"9.5\">IX-X<\/td><td>6.8<\/td><td>4<\/td><td>7<\/td><td>4<\/td><td><a href=\"https:\/\/projekti.pmfst.unist.hr\/floods\/tsunamis\/?lat=42.0878&lng=19.0755\">Bar<\/a><\/td><td>NOAA (2010); Herak et al. (1996); Orli\u0107 (1983\/1984); Zore-Armanda (1988); Slobodna Dalmacija (1979); Vjesnik (1979); Ve\u010dernji list (1979; 16\/04; 21\/04; 22\/04); Soloviev et al. (2000);<\/td><\/tr><tr><td><a href=\"https:\/\/projekti.pmfst.unist.hr\/floods\/tsunamis\/?p=2473\">15b<\/a><\/td><td><a href=\"\/floods\/tsunamis\/?lat=42.65512&lng=18.07596\">Dubrovnik<\/a><\/td><td>Monte Negro, Croatia<\/td><td data-sort=\"292982400\">15 April 1979<\/td><td>Submarine<\/td><td>42.02<\/td><td>19.07<\/td><td data-sort=\"9.5\">IX-X<\/td><td>6.8<\/td><td>4<\/td><td>7<\/td><td>4<\/td><td><a href=\"https:\/\/projekti.pmfst.unist.hr\/floods\/tsunamis\/?lat=42.6579&lng=18.0608\">Dubrovnik<\/a><\/td><td>NOAA (2010); Herak et al. (1996); Orli\u0107 (1983\/1984); Zore-Armanda (1988); Slobodna Dalmacija (1979); Vjesnik (1979); Ve\u010dernji list (1979; 16\/04; 21\/04; 22\/04); Soloviev et al. (2000);<\/td><\/tr><tr><td><a href=\"https:\/\/projekti.pmfst.unist.hr\/floods\/tsunamis\/?p=2473\">15c<\/a><\/td><td><a href=\"\/floods\/tsunamis\/?lat=41.11703&lng=16.87143\">Bari<\/a><\/td><td>Italy<\/td><td data-sort=\"292982400\">15 April 1979<\/td><td>Submarine<\/td><td>42.02<\/td><td>19.07<\/td><td data-sort=\"9.5\">IX-X<\/td><td>6.8<\/td><td>4<\/td><td>7<\/td><td>4<\/td><td><a href=\"https:\/\/projekti.pmfst.unist.hr\/floods\/tsunamis\/?lat=41.137&lng=16.861\">Bari<\/a><\/td><td>NOAA (2010); Herak et al. (1996); Orli\u0107 (1983\/1984); Zore-Armanda (1988); Slobodna Dalmacija (1979); Vjesnik (1979); Ve\u010dernji list (1979; 16\/04; 21\/04; 22\/04); Soloviev et al. (2000);<\/td><\/tr><tr><td><a href=\"https:\/\/projekti.pmfst.unist.hr\/floods\/tsunamis\/?p=2472\">14b<\/a><\/td><td><a href=\"\/floods\/tsunamis\/?lat=43.29345&lng=17.01861\">Makarska<\/a><\/td><td>Croatia<\/td><td data-sort=\"-251596800\">11 January 1962<\/td><td>Submarine<\/td><td>43.15<\/td><td>16.94<\/td><td data-sort=\"8.5\">VIII-IX<\/td><td>6.1<\/td><td>2<\/td><td>2<\/td><td>4<\/td><td><a href=\"https:\/\/projekti.pmfst.unist.hr\/floods\/tsunamis\/?lat=43.5067&lng=16.4386\">Split<\/a><\/td><td>Herak et al. (2001); Skoko (1962); Bo\u017ei\u010devi\u0107 (1962); Vjesnik (1962); Slobodna Dalmacija (1962, 12\/01); Slobodna Dalmacija (1962, 14\/01)<\/td><\/tr><tr><td><a href=\"https:\/\/projekti.pmfst.unist.hr\/floods\/tsunamis\/?p=2472\">14c<\/a><\/td><td><a href=\"\/floods\/tsunamis\/?lat=43.37530&lng=16.51100\">Bra\u010d<\/a><\/td><td>Croatia<\/td><td data-sort=\"-251596800\">11 January 1962<\/td><td>Submarine<\/td><td>43.15<\/td><td>16.94<\/td><td data-sort=\"8.5\">VIII-IX<\/td><td>6.1<\/td><td>2<\/td><td>2<\/td><td>4<\/td><td><a href=\"https:\/\/projekti.pmfst.unist.hr\/floods\/tsunamis\/?lat=43.5067&lng=16.4386\">Split<\/a><\/td><td>Herak et al. (2001); Skoko (1962); Bo\u017ei\u010devi\u0107 (1962); Vjesnik (1962); Slobodna Dalmacija (1962, 12\/01); Slobodna Dalmacija (1962, 14\/01)<\/td><\/tr><tr><td><a href=\"https:\/\/projekti.pmfst.unist.hr\/floods\/tsunamis\/?p=2471\">13b<\/a><\/td><td><a href=\"\/floods\/tsunamis\/?lat=45.30704&lng=14.53434\">Bakar<\/a><\/td><td>Croatia<\/td><td data-sort=\"-1236211200\">30 October 1930<\/td><td>Inland<\/td><td>43.97<\/td><td>12.67<\/td><td data-sort=\"8\">VIII<\/td><td>5.9<\/td><td>4<\/td><td>6<\/td><td>4<\/td><td><\/td><td>Boschi et al. (1995); Il Corriere Padano (1930); Il Messaggero (1930); Jutarnji list (1930);<\/td><\/tr><tr><td><a href=\"https:\/\/projekti.pmfst.unist.hr\/floods\/tsunamis\/?p=2469\">11b<\/a><\/td><td><a href=\"\/floods\/tsunamis\/?lat=41.722&lng=16.049\">Mattinata<\/a><\/td><td>Italy<\/td><td data-sort=\"-2526595200\">8 December 1889<\/td><td>Inland<\/td><td>41.83<\/td><td>15.7<\/td><td data-sort=\"7\">VII<\/td><td>5.6<\/td><td>2<\/td><td>3<\/td><td>2<\/td><td><\/td><td>CPTI (2004); Baratta (1901); Baratta (1936); Anonymous (1889);<\/td><\/tr><tr><td><a href=\"https:\/\/projekti.pmfst.unist.hr\/floods\/tsunamis\/?p=2468\">10b<\/a><\/td><td><a href=\"\/floods\/tsunamis\/?lat=44.20044&lng=12.40458\">Cesenatico<\/a><\/td><td>Italy<\/td><td data-sort=\"-2991427200\">17 March 1875<\/td><td>Submarine<\/td><td>44.07<\/td><td>12.55<\/td><td data-sort=\"8\">VIII<\/td><td>5.7<\/td><td>3<\/td><td>5<\/td><td>4<\/td><td><\/td><td>CPTI (2004); Serpieri (1876; 1878; 1889); L'Arena (1875)<\/td><\/tr><tr><td><a href=\"https:\/\/projekti.pmfst.unist.hr\/floods\/tsunamis\/?p=2468\">10c<\/a><\/td><td><a href=\"\/floods\/tsunamis\/?lat=43.91255&lng=12.91543\">Pesaro<\/a><\/td><td>Italy<\/td><td data-sort=\"-2991427200\">17 March 1875<\/td><td>Submarine<\/td><td>44.07<\/td><td>12.55<\/td><td data-sort=\"8\">VIII<\/td><td>5.7<\/td><td>3<\/td><td>5<\/td><td>4<\/td><td><\/td><td>CPTI (2004); Serpieri (1876; 1878; 1889); L'Arena (1875)<\/td><\/tr><tr><td><a href=\"https:\/\/projekti.pmfst.unist.hr\/floods\/tsunamis\/?p=2456\">07b<\/a><\/td><td><a href=\"\/floods\/tsunamis\/?lat=42.42480&lng=18.77121\">Kotor<\/a><\/td><td>Monte Negro<\/td><td data-sort=\"-5973004800\">21 September 1780<\/td><td>Submarine<\/td><td>42.4<\/td><td>18.5<\/td><td data-sort=\"7.5\">VII-VIII<\/td><td>5.66<\/td><td>3<\/td><td>4<\/td><td>4<\/td><td><\/td><td>Perrey (1850); Mallet and Mallet (1858); Albini (2004); Ki\u0161pati\u0107 (1891-1895);<\/td><\/tr><tr><td><a href=\"https:\/\/projekti.pmfst.unist.hr\/floods\/tsunamis\/?p=2435\">05b<\/a><\/td><td><a href=\"\/floods\/tsunamis\/?lat=41.31955&lng=16.28320\">Barletta<\/a><\/td><td>Italy<\/td><td data-sort=\"-7535376000\">20 March 1731<\/td><td>Inland<\/td><td>41.27<\/td><td>15.75<\/td><td data-sort=\"9\">IX<\/td><td>6.3<\/td><td>2<\/td><td>4<\/td><td>4<\/td><td><\/td><td>CPTI (2004); Cirillo (1731); Mallet (1853);<\/td><\/tr><tr><td><a href=\"https:\/\/projekti.pmfst.unist.hr\/floods\/tsunamis\/?p=2414\">02b<\/a><\/td><td><a href=\"\/floods\/tsunamis\/?lat=41.628&lng=15.914\">Manfredonia<\/a><\/td><td>Italy<\/td><td data-sort=\"-10805875200\">30 July 1627<\/td><td>Inland<\/td><td>41.73<\/td><td>15.35<\/td><td data-sort=\"10\">X<\/td><td>6.7<\/td><td>5<\/td><td>6<\/td><td>4<\/td><td><\/td><td>CPTI (2004); Tinti and Piatanesi (1996); Foglia (1627); Anonymous (1627); De Poardi (1627); Ballerani (1627); Del Vasto (1627); Cerqua (1627); Antinori (1782); Boschi et al. (1995);<\/td><\/tr><tr><td><a href=\"https:\/\/projekti.pmfst.unist.hr\/floods\/tsunamis\/?p=2420\">03b<\/a><\/td><td><a href=\"\/floods\/tsunamis\/?lat=45.43960&lng=12.32552\">Venice<\/a><\/td><td>Italy<\/td><td data-sort=\"-9553507200\">6 April 1667<\/td><td>Submarine<\/td><td>42.6<\/td><td>18.1<\/td><td data-sort=\"10\">X<\/td><td>7.39<\/td><td>3<\/td><td>5<\/td><td>4<\/td><td><\/td><td>Dubrova\u010dka republika (2001); Adamovi\u0107 (1883); Stulli (1823); Reusch (1718); Anonymous (1667); Appendini (1802); Skurla (1871); Perrey (1850); Mallet and Mallet (1858); Ki\u0161pati\u0107 (1891-1895); Travagini (1669)<\/td><\/tr><tr><td><a href=\"https:\/\/projekti.pmfst.unist.hr\/floods\/tsunamis\/?p=2473\">15a<\/a><\/td><td><a href=\"\/floods\/tsunamis\/?lat=42.09804&lng=19.08988\">Bar<\/a><\/td><td>Monte Negro<\/td><td data-sort=\"292982400\">15 April 1979<\/td><td>Submarine<\/td><td>42.02<\/td><td>19.07<\/td><td data-sort=\"9.5\">IX-X<\/td><td>6.8<\/td><td>4<\/td><td>7<\/td><td>4<\/td><td><a href=\"https:\/\/projekti.pmfst.unist.hr\/floods\/tsunamis\/?lat=42.0878&lng=19.0755\">Bar<\/a>\r\n<\/td><td>NOAA (2010); Herak et al. (1996); Orli\u0107 (1983\/1984); Zore-Armanda (1988); Slobodna Dalmacija (1979); Vjesnik (1979); Ve\u010dernji list (1979; 16\/04; 21\/04; 22\/04); Soloviev et al. (2000);<\/td><\/tr><tr><td><a href=\"https:\/\/projekti.pmfst.unist.hr\/floods\/tsunamis\/?p=2472\">14a<\/a><\/td><td><a href=\"\/floods\/tsunamis\/?lat=43.51473&lng=16.44307\">Split<\/a><\/td><td>Croatia<\/td><td data-sort=\"-251596800\">11 January 1962<\/td><td>Submarine<\/td><td>43.15<\/td><td>16.94<\/td><td data-sort=\"8.5\">VIII-IX<\/td><td>6.1<\/td><td>2<\/td><td>2<\/td><td>4<\/td><td><a href=\"https:\/\/projekti.pmfst.unist.hr\/floods\/tsunamis\/?lat=43.5067&lng=16.4386\">Split<\/a><\/td><td>Herak et al. (2001); Skoko (1962); Bo\u017ei\u010devi\u0107 (1962); Vjesnik (1962); Slobodna Dalmacija (1962, 12\/01); Slobodna Dalmacija (1962, 14\/01)<\/td><\/tr><tr><td><a href=\"https:\/\/projekti.pmfst.unist.hr\/floods\/tsunamis\/?p=2471\">13a<\/a><\/td><td><a href=\"\/floods\/tsunamis\/?lat=43.61610&lng=13.51901\">Ancona<\/a><\/td><td>Italy<\/td><td data-sort=\"-1236211200\">30 October 1930<\/td><td>Inland<\/td><td>43.97<\/td><td>12.67<\/td><td data-sort=\"8\">VIII<\/td><td>5.9<\/td><td>4<\/td><td>6<\/td><td>4<\/td><td><\/td><td>Boschi et al. (1995); Il Corriere Padano (1930); Il Messaggero (1930); Jutarnji list (1930);<\/td><\/tr><tr><td><a href=\"https:\/\/projekti.pmfst.unist.hr\/floods\/tsunamis\/?p=2470\">12<\/a><\/td><td><a href=\"\/floods\/tsunamis\/?lat=43.971&lng=12.753\">Tavollo<\/a><\/td><td>Italy<\/td><td data-sort=\"-1684454400\">16 August 1916<\/td><td>Submarine<\/td><td>43.58<\/td><td>12.4<\/td><td data-sort=\"8\">VIII<\/td><td>5.9<\/td><td>2<\/td><td>3<\/td><td>4<\/td><td><\/td><td>Boschi et al. (1997); Alfani (1916); Corriere della Sera (1916); La Gazzetta di Parma (1916); Obzor (1916);<\/td><\/tr><tr><td><a href=\"https:\/\/projekti.pmfst.unist.hr\/floods\/tsunamis\/?p=2469\">11a<\/a><\/td><td><a href=\"\/floods\/tsunamis\/?lat=42.0005&lng=14.99491\">Termoli<\/a><\/td><td>Italy<\/td><td data-sort=\"-2526595200\">8 December 1889<\/td><td>Inland<\/td><td>41.83<\/td><td>15.7<\/td><td data-sort=\"7\">VII<\/td><td>5.6<\/td><td>2<\/td><td>3<\/td><td>2<\/td><td><\/td><td>CPTI (2004); Baratta (1901); Baratta (1936); Anonymous (1889);<\/td><\/tr><tr><td><a href=\"https:\/\/projekti.pmfst.unist.hr\/floods\/tsunamis\/?p=2468\">10a<\/a><\/td><td><a href=\"\/floods\/tsunamis\/?lat=44.26329&lng=12.34986\">Cervia<\/a><\/td><td>Italy<\/td><td data-sort=\"-2991427200\">17 March 1875<\/td><td>Submarine<\/td><td>44.07<\/td><td>12.55<\/td><td data-sort=\"8\">VIII<\/td><td>5.7<\/td><td>3<\/td><td>5<\/td><td>4<\/td><td><\/td><td>CPTI (2004); Serpieri (1876; 1878; 1889); L'Arena (1875)<\/td><\/tr><tr><td><a href=\"https:\/\/projekti.pmfst.unist.hr\/floods\/tsunamis\/?p=2467\">09<\/a><\/td><td><a href=\"\/floods\/tsunamis\/?lat=42.65885&lng=18.08641\">Gru\u017e (Dubrovnik)<\/a><\/td><td>Croatia<\/td><td data-sort=\"-3924979200\">16 August 1845<\/td><td>Submarine<\/td><td><\/td><td><\/td><td data-sort=\"\"><\/td><td><\/td><td>3<\/td><td>4<\/td><td>4<\/td><td><\/td><td>Gazzetta di Zara (1845); Narodne novine (1845); Ki\u0161pati\u0107 (1891-1895); Perrey (1850);<\/td><\/tr><tr><td><a href=\"https:\/\/projekti.pmfst.unist.hr\/floods\/tsunamis\/?p=2462\">08<\/a><\/td><td><a href=\"\/floods\/tsunamis\/?lat=45.32672&lng=14.44106\">Rijeka<\/a><\/td><td>Croatia<\/td><td data-sort=\"-4146422400\">10 August 1838<\/td><td>Submarine<\/td><td>45.2<\/td><td>14.5<\/td><td data-sort=\"7\">VII<\/td><td>5.3<\/td><td>2<\/td><td>3<\/td><td>2<\/td><td><\/td><td>Agramer Zeitung (1838); Ilirske narodne novine (1838); Gazzetta di Zara (1838); Allgemeine Zeitung (1838); Perrey (1850); Mallet and Mallet (1858); Ki\u0161pati\u0107 (1891-1895);<\/td><\/tr><tr><td><a href=\"https:\/\/projekti.pmfst.unist.hr\/floods\/tsunamis\/?p=2456\">07a<\/a><\/td><td><a href=\"\/floods\/tsunamis\/?lat=42.43071&lng=18.64969\">Boka Kotorska<\/a><\/td><td>Monte Negro<\/td><td data-sort=\"-5973004800\">21 September 1780<\/td><td>Submarine<\/td><td>42.4<\/td><td>18.5<\/td><td data-sort=\"7.5\">VII-VIII<\/td><td>5.66<\/td><td>3<\/td><td>4<\/td><td>4<\/td><td><\/td><td>Perrey (1850); Mallet and Mallet (1858); Albini (2004); Ki\u0161pati\u0107 (1891-1895);<\/td><\/tr><tr><td><a href=\"https:\/\/projekti.pmfst.unist.hr\/floods\/tsunamis\/?p=2450\">06<\/a><\/td><td><a href=\"\/floods\/tsunamis\/?lat=40.63297&lng=17.94236\">Brindisi<\/a><\/td><td>Italy<\/td><td data-sort=\"-7159104000\">20 February 1743<\/td><td>Submarine<\/td><td>39.85<\/td><td>18.78<\/td><td data-sort=\"9.5\">IX-X<\/td><td>6.9<\/td><td>2<\/td><td>3<\/td><td>2<\/td><td><\/td><td>CPTI (2004); Scalese (1743); Cagnes and Scalese (1978)<\/td><\/tr><tr><td><a href=\"https:\/\/projekti.pmfst.unist.hr\/floods\/tsunamis\/?p=2435\">05a<\/a><\/td><td><a href=\"\/floods\/tsunamis\/?lat=41.60425&lng=15.89119\">Siponto<\/a><\/td><td>Italy<\/td><td data-sort=\"-7535376000\">20 March 1731<\/td><td>Inland<\/td><td>41.27<\/td><td>15.75<\/td><td data-sort=\"9\">IX<\/td><td>6.3<\/td><td>2<\/td><td>4<\/td><td>4<\/td><td><\/td><td>CPTI (2004); Cirillo (1731); Mallet (1853);<\/td><\/tr><tr><td><a href=\"https:\/\/projekti.pmfst.unist.hr\/floods\/tsunamis\/?p=2426\">04<\/a><\/td><td><a href=\"\/floods\/tsunamis\/?lat=44.06743&lng=12.56854\">Rimini<\/a><\/td><td>Italy<\/td><td data-sort=\"-9394963200\">14 April 1672<\/td><td>Inland<\/td><td>43.93<\/td><td>12.58<\/td><td data-sort=\"8\">VIII<\/td><td>5.6<\/td><td>2<\/td><td>3<\/td><td>4<\/td><td><\/td><td>CPTI (2004); Anonymous (1672); Anonymous (1888);<\/td><\/tr><tr><td><a href=\"https:\/\/projekti.pmfst.unist.hr\/floods\/tsunamis\/?p=2420\">03a<\/a><\/td><td><a href=\"\/floods\/tsunamis\/?lat=42.65512&lng=18.07596\">Dubrovnik<\/a><\/td><td>Croatia<\/td><td data-sort=\"-9553507200\">6 April 1667<\/td><td>Submarine<\/td><td>42.6<\/td><td>18.1<\/td><td data-sort=\"10\">X<\/td><td>7.39<\/td><td>3<\/td><td>5<\/td><td>4<\/td><td><\/td><td>Dubrova\u010dka republika (2001); Adamovi\u0107 (1883); Stulli (1823); Reusch (1718); Anonymous (1667); Appendini (1802); Skurla (1871); Perrey (1850); Mallet and Mallet (1858); Ki\u0161pati\u0107 (1891-1895); Travagini (1669)<\/td><\/tr><tr><td><a href=\"https:\/\/projekti.pmfst.unist.hr\/floods\/tsunamis\/?p=2414\">02a<\/a><\/td><td><a href=\"\/floods\/tsunamis\/?lat=41.8689&lng=15.352\">Lesina<\/a><\/td><td>Italy<\/td><td data-sort=\"-10805875200\">30 July 1627<\/td><td>Inland<\/td><td>41.73<\/td><td>15.35<\/td><td data-sort=\"10\">X<\/td><td>6.7<\/td><td>5<\/td><td>6<\/td><td>4<\/td><td><\/td><td>CPTI (2004); Tinti and Piatanesi (1996); Foglia (1627); Anonymous (1627); De Poardi (1627); Ballerani (1627); Del Vasto (1627); Cerqua (1627); Antinori (1782); Boschi et al. (1995);<\/td><\/tr><tr><td><a href=\"https:\/\/projekti.pmfst.unist.hr\/floods\/tsunamis\/?p=1699\">01<\/a><\/td><td><a href=\"\/floods\/tsunamis\/?lat=45.43960&lng=12.32552\">Venice<\/a><\/td><td>Italy<\/td><td data-sort=\"-14477443200\">26 March 1511<\/td><td>Inland<\/td><td>46.2<\/td><td>13.4<\/td><td data-sort=\"9\">IX<\/td><td>6.5<\/td><td>2<\/td><td>5<\/td><td>2<\/td><td><\/td><td>CPTI (2004); Lancellotti (1673); Sanudo (1886); Bembo (1790); Marsich (1878)<\/td><\/tr>\n    <\/tbody>\n    <\/table>\n  \n    <script>\n    jQuery('#tsunamiTable').DataTable({ \n\t  pageLength: 50,\n\t  responsive: true,\n\t  columnDefs: [\n\t\t{ orderable: false, targets: 13 }\n\t  ]\n\t});\n    <\/script>\n  \t\t<div class=\"elementor-shortcode\"><\/div>\n\t\t\t\t\t\t<\/div>\n\t\t\t\t<\/div>\n\t\t\t\t\t<\/div>\n\t\t<\/div>\n\t\t\t\t\t<\/div>\n\t\t<\/section>\n\t\t\t\t<\/div>\n\t\t","protected":false},"excerpt":{"rendered":"<p>ADRIATIC CATALOGUE<\/p>\n","protected":false},"author":1,"featured_media":0,"parent":0,"menu_order":0,"comment_status":"closed","ping_status":"closed","template":"elementor_header_footer","meta":{"footnotes":""},"class_list":["post-31","page","type-page","status-publish","hentry","entry"],"_links":{"self":[{"href":"https:\/\/projekti.pmfst.unist.hr\/floods\/tsunamis\/wp-json\/wp\/v2\/pages\/31","targetHints":{"allow":["GET"]}}],"collection":[{"href":"https:\/\/projekti.pmfst.unist.hr\/floods\/tsunamis\/wp-json\/wp\/v2\/pages"}],"about":[{"href":"https:\/\/projekti.pmfst.unist.hr\/floods\/tsunamis\/wp-json\/wp\/v2\/types\/page"}],"author":[{"embeddable":true,"href":"https:\/\/projekti.pmfst.unist.hr\/floods\/tsunamis\/wp-json\/wp\/v2\/users\/1"}],"replies":[{"embeddable":true,"href":"https:\/\/projekti.pmfst.unist.hr\/floods\/tsunamis\/wp-json\/wp\/v2\/comments?post=31"}],"version-history":[{"count":162,"href":"https:\/\/projekti.pmfst.unist.hr\/floods\/tsunamis\/wp-json\/wp\/v2\/pages\/31\/revisions"}],"predecessor-version":[{"id":2536,"href":"https:\/\/projekti.pmfst.unist.hr\/floods\/tsunamis\/wp-json\/wp\/v2\/pages\/31\/revisions\/2536"}],"wp:attachment":[{"href":"https:\/\/projekti.pmfst.unist.hr\/floods\/tsunamis\/wp-json\/wp\/v2\/media?parent=31"}],"curies":[{"name":"wp","href":"https:\/\/api.w.org\/{rel}","templated":true}]}}