{"id":27,"date":"2021-08-27T09:56:41","date_gmt":"2021-08-27T07:56:41","guid":{"rendered":"https:\/\/projekti.pmfst.unist.hr\/floods\/tsunamis\/?page_id=27"},"modified":"2023-05-02T17:58:48","modified_gmt":"2023-05-02T15:58:48","slug":"literature","status":"publish","type":"page","link":"https:\/\/projekti.pmfst.unist.hr\/floods\/tsunamis\/literature\/","title":{"rendered":"Literature"},"content":{"rendered":"\t\t<div data-elementor-type=\"wp-page\" data-elementor-id=\"27\" class=\"elementor elementor-27\" data-elementor-post-type=\"page\">\n\t\t\t\t\t\t<section class=\"elementor-section elementor-top-section elementor-element elementor-element-7352dea1 elementor-section-content-middle elementor-section-boxed elementor-section-height-default elementor-section-height-default\" data-id=\"7352dea1\" data-element_type=\"section\">\n\t\t\t\t\t\t<div class=\"elementor-container elementor-column-gap-no\">\n\t\t\t\t\t<div class=\"elementor-column elementor-col-100 elementor-top-column elementor-element elementor-element-73d440bf\" data-id=\"73d440bf\" data-element_type=\"column\">\n\t\t\t<div class=\"elementor-widget-wrap elementor-element-populated\">\n\t\t\t\t\t\t<div class=\"elementor-element elementor-element-3aa8bcb1 elementor-widget elementor-widget-heading\" data-id=\"3aa8bcb1\" data-element_type=\"widget\" data-widget_type=\"heading.default\">\n\t\t\t\t<div class=\"elementor-widget-container\">\n\t\t\t\t\t<h2 class=\"elementor-heading-title elementor-size-default\">LITERATURE<\/h2>\t\t\t\t<\/div>\n\t\t\t\t<\/div>\n\t\t\t\t<div class=\"elementor-element elementor-element-d064f67 elementor-tabs-alignment-center elementor-tabs-view-horizontal elementor-widget elementor-widget-tabs\" data-id=\"d064f67\" data-element_type=\"widget\" data-widget_type=\"tabs.default\">\n\t\t\t\t<div class=\"elementor-widget-container\">\n\t\t\t\t\t\t\t<div class=\"elementor-tabs\">\n\t\t\t<div class=\"elementor-tabs-wrapper\" role=\"tablist\" >\n\t\t\t\t\t\t\t\t\t<div id=\"elementor-tab-title-2181\" class=\"elementor-tab-title elementor-tab-desktop-title\" aria-selected=\"true\" data-tab=\"1\" role=\"tab\" tabindex=\"0\" aria-controls=\"elementor-tab-content-2181\" aria-expanded=\"false\">LITERATURE<\/div>\n\t\t\t\t\t\t\t\t\t<div id=\"elementor-tab-title-2182\" class=\"elementor-tab-title elementor-tab-desktop-title\" aria-selected=\"false\" data-tab=\"2\" role=\"tab\" tabindex=\"-1\" aria-controls=\"elementor-tab-content-2182\" aria-expanded=\"false\">NEWSPAPERS<\/div>\n\t\t\t\t\t\t\t<\/div>\n\t\t\t<div class=\"elementor-tabs-content-wrapper\" role=\"tablist\" aria-orientation=\"vertical\">\n\t\t\t\t\t\t\t\t\t<div class=\"elementor-tab-title elementor-tab-mobile-title\" aria-selected=\"true\" data-tab=\"1\" role=\"tab\" tabindex=\"0\" aria-controls=\"elementor-tab-content-2181\" aria-expanded=\"false\">LITERATURE<\/div>\n\t\t\t\t\t<div id=\"elementor-tab-content-2181\" class=\"elementor-tab-content elementor-clearfix\" data-tab=\"1\" role=\"tabpanel\" aria-labelledby=\"elementor-tab-title-2181\" tabindex=\"0\" hidden=\"false\"><p>Alfani, G., 1916. Note e osservazioni sui terremoti della regione littoranea Adriatica nell\u2019agosto 1916. Pubblicazioni dell\u2019Osservatorio Ximaniano dei PP. Scolopi di Firenze 122, 42 pp.<\/p><p>Andriasci, V., 1667. Copia di lettera di Ragguaglio, nella quale si sente la totale distruzione della Citt\u00e0 di Ragusa dal Terremuoto quest\u2019anno li 6 Aprile a ore 14 li Mercoled\u00ec Santo; Scritta dal molto Reverendo Padre Fra Vitale Andriasci da Ragusa de\u2019 Minori Osservanti al Molto Illustre Signore Diodono Bosdari in Ancona. In Ancona et in Bologna, per gli Eredi del Barbieri. Con licenza de\u2019 Superiori.<\/p><p>Anonymous, 1627. Vera Relazione delli danni fatti dal terremoto nel Regno di Napoli, con l\u2019 estirpazione di molte citt\u00e0. Milano.<\/p><p>Anonymous, 1667. Relatione Dell\u2019 horribile terramoto Seguito nella citta di Ragusa, and altre della Dalmatia, and Albania. Il giorno delli 6. Aprile 1667. Pietro Pinelli, Venice.<\/p><p>Anonymous, 1672. Relazione inedita riguardante il terremoto del 14 Aprile 1672. Biblioteca Apostolica Vaticana, Serie Ottoboniana cod.2481, foglio 673, Pesaro.<\/p><p>Anonymous, 1888. Distinta Narrazione del Terremoto seguito nella Citt\u00e0 di Rimino in Gioved\u00ec Santo li 14 Aprile 1672. In: Tonini L (ed) Storia civile e sacra riminese 6 (2). Ghigi, Rimini, pp. 961-968.<\/p><p>Anonymous, 1889. Bollettino Meteorico Dell\u2019Ufficio Centrale Meteorologia e Geodinamica, Suppl. 38, anno XI, Rome.<\/p><p>Antinori. A. L., 1782. Raccolta di memorie istoriche delle tre provincie degli Abbruzzi, 4 volumes. Presso Gioseppe Campo, Napoli.<\/p><p>Ballerani, M., 1627. Caso grandissimo occorso nel presente anno 1627 dove si sentono terremoti, e ruvine con morte di migliora di persone, che pareva proprio giudizio universale, essendosi sommerse in Pugliad 9 loghi principali. Lanciano-Iesi. Bibiloteca Comunale Mozzi-Bagetti, Macerata.<\/p><p>Baratta, M., 1901. I terremoti d\u2019 Italia. Fratelli Bocca, Torino.<\/p><p>Baratta, M., 1936. I terremoti in Italia. Rendiconti, Accademia Nazionale dei Lincei, Pubblicazione della Commissione Italiana per lo studio delle grandi calamit\u00e0 6. Le Monnier, Firenze.<\/p><p>Bembo, P., 1790. Della istoria viniziana. Venezia.<\/p><p>Boschi., E., Ferrari, G., Gasperini, P., Guidoboni, E., Smriglio, G., Valensise, G., 1995. Catalogo dei forti terremoti in Italia dal 461 a.C. al 1980. Istituto Nazionale di Geofisica-Storia Geofisica Ambiente, Bologna.<\/p><p>Boschi, E., Guidoboni, E., Ferrari, G., Valensise, G., Gasperini, P., 1997.<\/p><p>Catalogo dei forti terremoti in Italia dal 460 a.C. al 1990. Istituto Nazionale di Geofisica\u2014Storia Geofisica Ambiente with CD-ROM, Bologna.<\/p><p>Bo\u017ei\u010devi\u0107, S., 1962. Biokovo se potreslo. Priroda 49, 82\u201388.<\/p><p>Cagnes, P., Scalese, N., 1978. Cronaca dei sindaci di Brindisi (1529\u20131787). Jurlaro Editore, Brindisi.<\/p><p>Cerqua, G. J., 1627. Lettera di Giovanni Jacono Cerqua, Lucera 8 agosto 1627. In: Mercalli G (ed) Ragguaglio del terremoto successo in Puglia a\u2019 30 luglio 1627. Archivio storico delle province napoletane XXII(1897), pp 119\u2013123.<\/p><p>Cirillo, N., 1731. Historia terraemotus Apuliam et totum fere Neapolitanum Regnum, Anno 1731, vexantis. Regia Universitate Neapolitana.<\/p><p>CPTI, 2004. Catalogo Parametrico dei Terremoti Italiani, versione 2004. Istituto Nazionale di Geofisica e Vulcanologia, Bologna. Available at <a href=\"http:\/\/emidius.mi.ingv.it\/CPTI04\/\">http:\/\/emidius.mi.ingv.it\/CPTI04\/<\/a>.<\/p><p>De Poardi, G. V., 1627. Nuova relazione del grande e spaventoso terremoto successo nel Regno di Napoli in venerdi ali 30 Luglio 1627. Roma. Biblioteca Societ\u00e0 Napoletana di Storia Patria, Napoli.<\/p><p>Del Vasto, F., 1627. Vera relazione del terribile terremoto seguito in Puglia nel prossimo passato mese di luglio 1627 con danno et rovina di moite terre, et di due citt\u00e0, con mortalit\u00e0 grandissima di persone nella quale s&#8217;intende la ritirata del mare dentro il proprio letto per spatio di tre miglia, et la subita uscita dal detto letto con grandissimo empito et rovina, con stupore e meraviglia. In: Tessier, A, Note ed appunti, Giornale degli eruditi e curiosi 1 (36), (1883) (coll.634-635).<\/p><p>\u201cDubrova\u010dka republika\u201d, 2001. Hrvatska op\u0107a enciklopedija, vol 3. Leksikografski zavod Miroslav Krle\u017ea, Zagreb.<\/p><p>Foglia, G. A., 1627. Historico discorso del gran terremoto successo nel Regno di Napoli, nella Provincia di Capitanata di Puglia, nel corrente anno 1627 ad\u00ed 30 di luglio \u00e0 hore sedici. Napoli. Bibloteca Nazionale Centrale \u201cVittorio Emanuele II\u201d, Roma.<\/p><p>Herak, M., Herak, D., Marku\u0161i\u0107, S., 1996. Revision of the earthquake catalogue and seismicity of Croatia. Terra Nova, 8, 86\u201394.<\/p><p>Herak, M., Orli\u0107, M., Kunovec-Varga, M., 2001. Did the Makarska earthquake of 1962 generate a tsunami in the central Adriatic archipelago? Journal of Geodynamics, 31, 71\u201386.<\/p><p>Ki\u0161pati\u0107, M., 1891\u20131895. Potresi u Hrvatskoj. Dioni\u010dka tiskara, Zagreb.<\/p><p>Lancellotti S., 1673. Lo hoggidi ovvero il mondo non peggiore ne\u2019 pi\u00f9 calamitoso del passato. Venezia. Bibloteca Civica di Padova, Padova.<\/p><p>Mallet, R. 1853. Catalogue of recorded earthquakes 1606 BC-1850 AD. Part I\u20131606 BC- 1755 A.D, Report<br \/>of the XXII meeting of the British association for the advancement of sciences. John Murray, London.<\/p><p>Mallet, R., Mallet, J. W., 1858. The Earthquake Catalogue of the British Association with the discussion. curves<br \/>and maps, etc. Taylor and Francis, London.<\/p><p>Maramai, A., Graziani L., and Brizuela B., 2019. Euro-Mediterranean Tsunami Catalogue (EMTC), version 2.0, Istituto Nazionale di Geofisica e Vulcanologia (INGV), doi: <a href=\"https:\/\/doi.org\/10.13127\/tsunami\/emtc.2.0\">10.13127\/tsunami\/emtc.2.0<\/a>.<\/p><p>Marsich, A., 1878. Effemeridi della citt\u00e0 di Trieste e del suo territorio, in: La provincia dell\u2019Istria 12, n.6. Capodistria.<\/p><p>Papadopoulos, G. A., Imamura, F., 2001. A proposal for a new tsunami intensity scale Internat. Proceedings of International Tsunami Symposium 2001. Seattle, USA, 7-10 August 2001, pp. 569-577.<\/p><p>Papadopoulos, G. Papageorgiou, A., 2012. Large earthquakes and tsunamis in the Mediterranean region and its connected seas, in: Extreme Natural Hazards, Disaster Risks and Societal Implications, Cambridge University Press, Cambridge, 252\u2013266, doi: <a href=\"https:\/\/doi.org\/10.1017\/CBO9781139523905.025\">10.1017\/CBO9781139523905.025<\/a>.<\/p><p>Papadopoulos, G., Gr\u00e0cia, E., Urgeles, R., Sallares, V., De Martini, P. M., Pantosti, D., Gonz\u00e1lez, M., Yalciner, A., Mascle, J., Sakellariou, D., Salamon, A., Tinti, S., Fokaefs, A., Camerlenghi, A., Novikova, T., and Papageorgiou, A., 2014. Historic and pre-historic tsunamis in the Mediterranean and its connected seas: a review on documentation, geological signatures, generation mechanisms and coastal impacts. Marine Geology, 354, 81\u2013109, doi: <a href=\"https:\/\/doi.org\/10.1016\/j.margeo.2014.04.014\">10.1016\/j.margeo.2014.04.014<\/a>.<\/p><p>Papazachariou, D.: Estimation of the lowest astronomical.<\/p><p>P\u00e9rez G\u00f3mez, B. Vilibi\u0107, I., \u0160epi\u0107, J., Me\u0111ugorac, I., Li\u010der, M., Testut, L., Fraboul, C., Marcos, M., Abdellaoui, H., Fanjul, E.A.,\u00a0 Barbali\u0107, D., Casas, B., Casta\u00f1o-Tierno, A., \u010cupi\u0107, S., Drago, A., Fraile, M. A., Galliano, D.A., Gauci, A., Gloginja, B., Guijarro, V.M., Jeromel, M., Revuelto, M.L.,\u00a0 Lazar, A., Keskin, I.H., Medvedev, I., Menassri, A., Meslem, M.A., Mihanovi\u0107, H., Morucci, S., Niculescu, D., de Benito, J.M.Q., Pascual, J., Palazov, A., Picone, M., Raicich, F., Said, M., Salat, J., Sezen, E., Simav, M., Sylaios, G., Tel, E., Tintor\u00e9, J., Zaimi, K., Zodiatis, G., 2022. Coastal sea level monitoring in the Mediterranean and Black seas. Ocean Science, 18, 997-1053, doi: <a href=\"https:\/\/doi.org\/10.5194\/os-18-997-2022\">10.5194\/os-18-997-2022<\/a>.<\/p><p>Perrey, A., 1850. Memoire sur les tremblements de terre ressentis dans la Penisule Turco-Hellenique et en Syrie. Me\u00b4moires courtois et memoires des savants etrangers. Acade\u00b4mie Royale des Sciences, des Lettres et des Beaux-Arts de Belgique 23, part 1. Bruxelles.<\/p><p>Pugh, D., Woodworth, P., 2014. Sea-level science: understanding tides, surges, tsunamis and mean sea-level changes, second ed. Cambridge University Press, Cambridge.<\/p><p>Reusch, E., 1718. Alter und neuer Staat Koenigreichs Dalmatien. Nurnberg.<\/p><p>Sanudo, M., 1886. In: Barozzi N (ed) I Diarii, vol 12. Venezia.<\/p><p>Scalese, N., 1743.\u00a0 Annotazioni di Don Nicola Scalese all\u2019epistola apologetica Joannis Baptistae Casimirii. Biblioteca Arcivescovile A. di Leo, Brindisi.<\/p><p>Serpieri, A., 1876. Documenti, nuove note e riflessioni sul terremoto della notte 17\u201318 marzo 1875. In: Supplemento alla Meteorologia Italiana, Anno 1875, fasc. 4. Roma.<\/p><p>Serpieri, A., 1878. Il terremoto di Rimini della notte 17\u201318 Marzo 1875 e considerazioni generali sopra varie<br \/>teorie sismologiche. In: Il terremoto, sue leggi, teoria e predizione. Tipografia della cappella, Urbino.<\/p><p>Serpieri, A., 1889. Scritti di sismologia, nuovamente raccolti e pubblicati da G.Giovannozzi, Parti I\u2013II, (1888\u20131889). Tipografia Editrice Calasanziana, Firenze.<\/p><p>Skoko, D., 1962. Potresi u makarskom primorju. Priroda 49:102\u2013109.<\/p><p>Tinti, S., Piatanesi, A., 1996. Numerical simulations of the tsunami induced by the 1627 earthquake affecting Gargano, southern Italy. Journal of Geodynamics, 21, 141\u2013160, doi: <a href=\"https:\/\/www.sciencedirect.com\/science\/article\/abs\/pii\/0264370795000214\">10.1016\/0264-3707(95)00021-4<\/a>.<\/p><p>Tinti, S., Maramai, A., 1996. Catalogue of tsunamis generated in Italy and in C\u00f4te d\u2019Azur, France: a step towards a unified catalogue of tsunamis in Europe. Annali di Geofisica, 39, 1253-1299.<\/p><p>Tinti, S., Maramai, A., Graziani, L., 2001. A new version of the European tsunami catalogue: updating and revision. Natural Hazards and Earth System Sciences, 1, 255-262, doi: <a href=\"https:\/\/nhess.copernicus.org\/articles\/1\/255\/2001\/\">10.5194\/nhess-1-255-2001<\/a>.<\/p><p>Tinti, S., Maramai, A., Graziani, L., 2004. The new catalogue of Italian tsunamis. Natural Hazards 33:439\u2013465.<\/p><p>Travagini, F., 1669. Super observationibus a se factis tempore ultimorum terraemotuum ac potissimum Ragusiani physica disquisitio, seu Gyri terrae diurni indicium. Lugduni Batavorum.<\/p><\/div>\n\t\t\t\t\t\t\t\t\t<div class=\"elementor-tab-title elementor-tab-mobile-title\" aria-selected=\"false\" data-tab=\"2\" role=\"tab\" tabindex=\"-1\" aria-controls=\"elementor-tab-content-2182\" aria-expanded=\"false\">NEWSPAPERS<\/div>\n\t\t\t\t\t<div id=\"elementor-tab-content-2182\" class=\"elementor-tab-content elementor-clearfix\" data-tab=\"2\" role=\"tabpanel\" aria-labelledby=\"elementor-tab-title-2182\" tabindex=\"0\" hidden=\"hidden\"><p>Allgemeine Zeitung 1838, of 21\/08<\/p><p>Corriere della Sera 1916, of 17\/08<\/p><p>Gazzetta di Zara 1845, of 25\/08<\/p><p>Il Corriere Padano 1930, of 31\/10<\/p><p>Il Messaggero 1930, of 31\/10<\/p><p>L\u2019Arena 1875, of 20\/03<\/p><p>La Gazzetta di Parma 1916, of 17\/08<\/p><p>Narodne novine 1845, of 13\/09<\/p><p>Obzor 1916, of 17\/08<\/p><p>Slobodna Dalmacija 1962, of 12\/01, 14\/01<\/p><p>Ve\u010dernji list 1979, of 16\/04, 21&amp;22\/04<\/p><p>Vjesnik 1962, of 12\/01<\/p><p>Vjesnik 1979, of 19\/04<\/p><\/div>\n\t\t\t\t\t\t\t<\/div>\n\t\t<\/div>\n\t\t\t\t\t\t<\/div>\n\t\t\t\t<\/div>\n\t\t\t\t\t<\/div>\n\t\t<\/div>\n\t\t\t\t\t<\/div>\n\t\t<\/section>\n\t\t\t\t<\/div>\n\t\t","protected":false},"excerpt":{"rendered":"<p>LITERATURE LITERATURE NEWSPAPERS LITERATURE Alfani, G., 1916. Note e osservazioni sui terremoti della regione littoranea Adriatica nell\u2019agosto 1916. Pubblicazioni dell\u2019Osservatorio Ximaniano dei PP. Scolopi di Firenze 122, 42 pp. Andriasci, V., 1667. Copia di lettera di Ragguaglio, nella quale si sente la totale distruzione della Citt\u00e0 di Ragusa dal Terremuoto quest\u2019anno li 6 Aprile a&hellip; <a class=\"more-link\" href=\"https:\/\/projekti.pmfst.unist.hr\/floods\/tsunamis\/literature\/\">Continue reading <span class=\"screen-reader-text\">Literature<\/span><\/a><\/p>\n","protected":false},"author":1,"featured_media":0,"parent":0,"menu_order":0,"comment_status":"closed","ping_status":"closed","template":"elementor_header_footer","meta":{"footnotes":""},"class_list":["post-27","page","type-page","status-publish","hentry","entry"],"_links":{"self":[{"href":"https:\/\/projekti.pmfst.unist.hr\/floods\/tsunamis\/wp-json\/wp\/v2\/pages\/27","targetHints":{"allow":["GET"]}}],"collection":[{"href":"https:\/\/projekti.pmfst.unist.hr\/floods\/tsunamis\/wp-json\/wp\/v2\/pages"}],"about":[{"href":"https:\/\/projekti.pmfst.unist.hr\/floods\/tsunamis\/wp-json\/wp\/v2\/types\/page"}],"author":[{"embeddable":true,"href":"https:\/\/projekti.pmfst.unist.hr\/floods\/tsunamis\/wp-json\/wp\/v2\/users\/1"}],"replies":[{"embeddable":true,"href":"https:\/\/projekti.pmfst.unist.hr\/floods\/tsunamis\/wp-json\/wp\/v2\/comments?post=27"}],"version-history":[{"count":120,"href":"https:\/\/projekti.pmfst.unist.hr\/floods\/tsunamis\/wp-json\/wp\/v2\/pages\/27\/revisions"}],"predecessor-version":[{"id":2407,"href":"https:\/\/projekti.pmfst.unist.hr\/floods\/tsunamis\/wp-json\/wp\/v2\/pages\/27\/revisions\/2407"}],"wp:attachment":[{"href":"https:\/\/projekti.pmfst.unist.hr\/floods\/tsunamis\/wp-json\/wp\/v2\/media?parent=27"}],"curies":[{"name":"wp","href":"https:\/\/api.w.org\/{rel}","templated":true}]}}