{"id":1939,"date":"2022-03-29T13:47:35","date_gmt":"2022-03-29T11:47:35","guid":{"rendered":"https:\/\/projekti.pmfst.unist.hr\/floods\/tsunamis\/?page_id=1939"},"modified":"2023-05-02T17:59:39","modified_gmt":"2023-05-02T15:59:39","slug":"about","status":"publish","type":"page","link":"https:\/\/projekti.pmfst.unist.hr\/floods\/tsunamis\/about\/","title":{"rendered":"About"},"content":{"rendered":"\t\t<div data-elementor-type=\"wp-page\" data-elementor-id=\"1939\" class=\"elementor elementor-1939\" data-elementor-post-type=\"page\">\n\t\t\t\t\t\t<section class=\"elementor-section elementor-top-section elementor-element elementor-element-348fb8f elementor-section-boxed elementor-section-height-default elementor-section-height-default\" data-id=\"348fb8f\" data-element_type=\"section\">\n\t\t\t\t\t\t<div class=\"elementor-container elementor-column-gap-default\">\n\t\t\t\t\t<div class=\"elementor-column elementor-col-100 elementor-top-column elementor-element elementor-element-9504414\" data-id=\"9504414\" data-element_type=\"column\">\n\t\t\t<div class=\"elementor-widget-wrap elementor-element-populated\">\n\t\t\t\t\t\t<div class=\"elementor-element elementor-element-644c258 elementor-widget elementor-widget-heading\" data-id=\"644c258\" data-element_type=\"widget\" data-widget_type=\"heading.default\">\n\t\t\t\t<div class=\"elementor-widget-container\">\n\t\t\t\t\t<h2 class=\"elementor-heading-title elementor-size-default\">ABOUT THE CATALOGUE<\/h2>\t\t\t\t<\/div>\n\t\t\t\t<\/div>\n\t\t\t\t\t<\/div>\n\t\t<\/div>\n\t\t\t\t\t<\/div>\n\t\t<\/section>\n\t\t\t\t<section class=\"elementor-section elementor-top-section elementor-element elementor-element-d488a8f elementor-section-full_width elementor-section-height-default elementor-section-height-default\" data-id=\"d488a8f\" data-element_type=\"section\">\n\t\t\t\t\t\t<div class=\"elementor-container elementor-column-gap-no\">\n\t\t\t\t\t<div class=\"elementor-column elementor-col-100 elementor-top-column elementor-element elementor-element-bda0b12\" data-id=\"bda0b12\" data-element_type=\"column\">\n\t\t\t<div class=\"elementor-widget-wrap elementor-element-populated\">\n\t\t\t\t\t\t<section class=\"elementor-section elementor-inner-section elementor-element elementor-element-daa0936 elementor-section-content-top elementor-section-boxed elementor-section-height-default elementor-section-height-default\" data-id=\"daa0936\" data-element_type=\"section\">\n\t\t\t\t\t\t<div class=\"elementor-container elementor-column-gap-no\">\n\t\t\t\t\t<div class=\"elementor-column elementor-col-100 elementor-inner-column elementor-element elementor-element-2858209\" data-id=\"2858209\" data-element_type=\"column\">\n\t\t\t<div class=\"elementor-widget-wrap elementor-element-populated\">\n\t\t\t\t\t\t<div class=\"elementor-element elementor-element-2a0111e elementor-widget elementor-widget-text-editor\" data-id=\"2a0111e\" data-element_type=\"widget\" data-widget_type=\"text-editor.default\">\n\t\t\t\t<div class=\"elementor-widget-container\">\n\t\t\t\t\t\t\t\t\t<p>The online tsunami catalogue was created by Mira Pasari\u0107 and Jadranka \u0160epi\u0107. The catalogue is based on an article by Miroslava Pasari\u0107, Beatriz Brizuela, Laura Graziani, Alessandra Maramai, and Mirko Orli\u0107 (Historical tsunamis in the Adriatic Sea, Natural Hazards, 61, 2012, 281-316).<\/p>\t\t\t\t\t\t\t\t<\/div>\n\t\t\t\t<\/div>\n\t\t\t\t<div class=\"elementor-element elementor-element-7f27127 elementor-widget elementor-widget-text-editor\" data-id=\"7f27127\" data-element_type=\"widget\" data-widget_type=\"text-editor.default\">\n\t\t\t\t<div class=\"elementor-widget-container\">\n\t\t\t\t\t\t\t\t\t<p>The catalogue contains information on 15 tsunamis observed on the coasts of the Adriatic Sea. The earliest described event occurred on 26 March 1511 in the Gulf of Venice, and the last event occurred on 15 April 1979 in Montenegro.<\/p>\t\t\t\t\t\t\t\t<\/div>\n\t\t\t\t<\/div>\n\t\t\t\t<div class=\"elementor-element elementor-element-06a8c1b elementor-widget elementor-widget-text-editor\" data-id=\"06a8c1b\" data-element_type=\"widget\" data-widget_type=\"text-editor.default\">\n\t\t\t\t<div class=\"elementor-widget-container\">\n\t\t\t\t\t\t\t\t\t<p>For each of the events described, known sources of information are given, along with a description of sea level variability. Where known, information on the epicentre of the earthquake and an estimate of macroseismic intensity and earthquake magnitude are given.<\/p>\t\t\t\t\t\t\t\t<\/div>\n\t\t\t\t<\/div>\n\t\t\t\t<div class=\"elementor-element elementor-element-3c093c2 elementor-widget elementor-widget-text-editor\" data-id=\"3c093c2\" data-element_type=\"widget\" data-widget_type=\"text-editor.default\">\n\t\t\t\t<div class=\"elementor-widget-container\">\n\t\t\t\t\t\t\t\t\t<p>Tsunami intensity is given, using both the 6-grade Sieberg-Ambraseys (1962) scale (to be consistent with older catalogues) and the now more widely used Papadopoulos and Imamura (2001) scale.<\/p>\t\t\t\t\t\t\t\t<\/div>\n\t\t\t\t<\/div>\n\t\t\t\t<div class=\"elementor-element elementor-element-e65ca40 elementor-widget elementor-widget-text-editor\" data-id=\"e65ca40\" data-element_type=\"widget\" data-widget_type=\"text-editor.default\">\n\t\t\t\t<div class=\"elementor-widget-container\">\n\t\t\t\t\t\t\t\t\t<p style=\"line-height: var(--wp--typography--line-height, var(--global--line-height-body));\">Finally, the modified Iida reliability scale (Tinti et al. 2004) is given for each event. This scale ranges from degree 0, corresponding to a &#8220;very improbable tsunami,&#8221; to degree 4, corresponding to a &#8220;definite tsunami.&#8221; The reliability assessment consists of a separate evaluation of the information in three categories: (a) generating cause, (b) description of tsunami impact, and (c) quality of documentary sources. Each category is scored at one of three levels, and the final reliability is then derived from the combination of these partial scores; if the final score is very low, then the minimum conditions for classifying the event as a tsunami are not met, and it is classified as &#8216;not a tsunami&#8217; (such events are not described in our catalogue).<\/p>\t\t\t\t\t\t\t\t<\/div>\n\t\t\t\t<\/div>\n\t\t\t\t\t<\/div>\n\t\t<\/div>\n\t\t\t\t\t<\/div>\n\t\t<\/section>\n\t\t\t\t\t<\/div>\n\t\t<\/div>\n\t\t\t\t\t<\/div>\n\t\t<\/section>\n\t\t\t\t<\/div>\n\t\t","protected":false},"excerpt":{"rendered":"<p>ABOUT THE CATALOGUE The online tsunami catalogue was created by Mira Pasari\u0107 and Jadranka \u0160epi\u0107. The catalogue is based on an article by Miroslava Pasari\u0107, Beatriz Brizuela, Laura Graziani, Alessandra Maramai, and Mirko Orli\u0107 (Historical tsunamis in the Adriatic Sea, Natural Hazards, 61, 2012, 281-316). The catalogue contains information on 15 tsunamis observed on the&hellip; <a class=\"more-link\" href=\"https:\/\/projekti.pmfst.unist.hr\/floods\/tsunamis\/about\/\">Continue reading <span class=\"screen-reader-text\">About<\/span><\/a><\/p>\n","protected":false},"author":1,"featured_media":0,"parent":0,"menu_order":0,"comment_status":"closed","ping_status":"closed","template":"elementor_header_footer","meta":{"footnotes":""},"class_list":["post-1939","page","type-page","status-publish","hentry","entry"],"_links":{"self":[{"href":"https:\/\/projekti.pmfst.unist.hr\/floods\/tsunamis\/wp-json\/wp\/v2\/pages\/1939","targetHints":{"allow":["GET"]}}],"collection":[{"href":"https:\/\/projekti.pmfst.unist.hr\/floods\/tsunamis\/wp-json\/wp\/v2\/pages"}],"about":[{"href":"https:\/\/projekti.pmfst.unist.hr\/floods\/tsunamis\/wp-json\/wp\/v2\/types\/page"}],"author":[{"embeddable":true,"href":"https:\/\/projekti.pmfst.unist.hr\/floods\/tsunamis\/wp-json\/wp\/v2\/users\/1"}],"replies":[{"embeddable":true,"href":"https:\/\/projekti.pmfst.unist.hr\/floods\/tsunamis\/wp-json\/wp\/v2\/comments?post=1939"}],"version-history":[{"count":26,"href":"https:\/\/projekti.pmfst.unist.hr\/floods\/tsunamis\/wp-json\/wp\/v2\/pages\/1939\/revisions"}],"predecessor-version":[{"id":2409,"href":"https:\/\/projekti.pmfst.unist.hr\/floods\/tsunamis\/wp-json\/wp\/v2\/pages\/1939\/revisions\/2409"}],"wp:attachment":[{"href":"https:\/\/projekti.pmfst.unist.hr\/floods\/tsunamis\/wp-json\/wp\/v2\/media?parent=1939"}],"curies":[{"name":"wp","href":"https:\/\/api.w.org\/{rel}","templated":true}]}}