{"id":27,"date":"2021-08-27T09:56:41","date_gmt":"2021-08-27T07:56:41","guid":{"rendered":"https:\/\/projekti.pmfst.unist.hr\/floods\/storm-surges\/?page_id=27"},"modified":"2026-04-30T11:59:17","modified_gmt":"2026-04-30T09:59:17","slug":"literature","status":"publish","type":"page","link":"https:\/\/projekti.pmfst.unist.hr\/floods\/storm-surges\/literature\/","title":{"rendered":"Literature"},"content":{"rendered":"\t\t<div data-elementor-type=\"wp-page\" data-elementor-id=\"27\" class=\"elementor elementor-27\" data-elementor-post-type=\"page\">\n\t\t\t\t\t\t<section class=\"elementor-section elementor-top-section elementor-element elementor-element-7352dea1 elementor-section-content-middle elementor-section-boxed elementor-section-height-default elementor-section-height-default\" data-id=\"7352dea1\" data-element_type=\"section\">\n\t\t\t\t\t\t<div class=\"elementor-container elementor-column-gap-no\">\n\t\t\t\t\t<div class=\"elementor-column elementor-col-100 elementor-top-column elementor-element elementor-element-73d440bf\" data-id=\"73d440bf\" data-element_type=\"column\">\n\t\t\t<div class=\"elementor-widget-wrap elementor-element-populated\">\n\t\t\t\t\t\t<div class=\"elementor-element elementor-element-3aa8bcb1 elementor-widget elementor-widget-heading\" data-id=\"3aa8bcb1\" data-element_type=\"widget\" data-widget_type=\"heading.default\">\n\t\t\t\t<div class=\"elementor-widget-container\">\n\t\t\t\t\t<h2 class=\"elementor-heading-title elementor-size-default\">LITERATURE<\/h2>\t\t\t\t<\/div>\n\t\t\t\t<\/div>\n\t\t\t\t<div class=\"elementor-element elementor-element-d064f67 elementor-tabs-view-horizontal elementor-widget elementor-widget-tabs\" data-id=\"d064f67\" data-element_type=\"widget\" data-widget_type=\"tabs.default\">\n\t\t\t\t<div class=\"elementor-widget-container\">\n\t\t\t\t\t\t\t<div class=\"elementor-tabs\">\n\t\t\t<div class=\"elementor-tabs-wrapper\" role=\"tablist\" >\n\t\t\t\t\t\t\t\t\t<div id=\"elementor-tab-title-2181\" class=\"elementor-tab-title elementor-tab-desktop-title\" aria-selected=\"true\" data-tab=\"1\" role=\"tab\" tabindex=\"0\" aria-controls=\"elementor-tab-content-2181\" aria-expanded=\"false\">SCIENTIFIC LITERATURE<\/div>\n\t\t\t\t\t\t\t\t\t<div id=\"elementor-tab-title-2182\" class=\"elementor-tab-title elementor-tab-desktop-title\" aria-selected=\"false\" data-tab=\"2\" role=\"tab\" tabindex=\"-1\" aria-controls=\"elementor-tab-content-2182\" aria-expanded=\"false\">OTHER SOURCES<\/div>\n\t\t\t\t\t\t\t<\/div>\n\t\t\t<div class=\"elementor-tabs-content-wrapper\" role=\"tablist\" aria-orientation=\"vertical\">\n\t\t\t\t\t\t\t\t\t<div class=\"elementor-tab-title elementor-tab-mobile-title\" aria-selected=\"true\" data-tab=\"1\" role=\"tab\" tabindex=\"0\" aria-controls=\"elementor-tab-content-2181\" aria-expanded=\"false\">SCIENTIFIC LITERATURE<\/div>\n\t\t\t\t\t<div id=\"elementor-tab-content-2181\" class=\"elementor-tab-content elementor-clearfix\" data-tab=\"1\" role=\"tabpanel\" aria-labelledby=\"elementor-tab-title-2181\" tabindex=\"0\" hidden=\"false\"><ul>\n<li>Accerboni, E., and Manca, B., 1973. Storm surge forecasting in the Adriatic Sea by means of a 2d hydrodynamical numerical model. Boll Geofis Teor Appl 15(57), 3\u201322<br><\/li>\n<li>Bajo, M., Me\u0111ugorac, I., Umgiesser, G., Orli\u0107, M., 2019. Storm surge and seiche modelling in the Adriatic Sea and the impact of data assimilation. Q. J. R. Meteorol. Soc. 145, 2070\u20132084. <a href=\"https:\/\/doi.org\/10.1002\/qj.3544\">https:\/\/doi.org\/10.1002\/qj.3544<\/a><\/li>\n<li>Bajo, M., Ferrarin, C., Umgiesser, G., Bonometto, A., Coraci, E., 2023. Modelling the barotropic sea level in the Mediterranean Sea using data assimilation. Ocean Science 19(3), 559-579. <a href=\"https:\/\/doi.org\/10.5194\/os-19-559-2023\" target=\"_blank\">https:\/\/doi.org\/10.5194\/os-19-559-2023<\/a><\/li>\n<li>Bertotti, L., Bidlot, J.-R., Buizza, R., Cavaleri, L., Janousek, M., 2011. Deterministic and ensemble-based prediction of Adriatic Sea sirocco storms leading to \u2018acqua alta\u2019 in Venice. Q. J. R. Meteorol. Soc. 137, 1446\u20131466. <a href=\"https:\/\/doi.org\/10.1002\/qj.861\" target=\"_blank\" rel=\"noopener\">https:\/\/doi.org\/10.1002\/qj.861<\/a><\/li>\n<li>Biolchi, S., Denamiel, C., Devoto, S., Korbar, T., Macovaz, V., Scicchitano, G., Vilibi\u0107, I. and Furlani, S., 2019. Impact of the October 2018 storm Vaia on coastal boulders in the northern Adriatic Sea. Water 11(11), 2229. <a href=\"https:\/\/doi.org\/10.3390\/w11112229\" target=\"_blank\">https:\/\/doi.org\/10.3390\/w11112229<\/a><\/li>\n<li>\n<style type=\"text\/css\">p { line-height: 115%; margin-bottom: 0.1in; background: transparent }<\/style>\n<p>Canestrelli, P., Mandich, M., Pirazzoli, P.A., Tomasin, A., 2001. Wind, Depression and Seiches: Tidal Perturbations in Venice (1950 \u2013 2000). <a href=\"https:\/\/www.comune.venezia.it\/sites\/comune.venezia.it\/files\/documenti\/centro_maree\/bibliografia\/Venti_depressioni_e_sesse_ridotto.pdf\" target=\"_blank\">https:\/\/www.comune.venezia.it\/sites\/comune.venezia.it\/files\/documenti\/centro_maree\/bibliografia\/Venti_depressioni_e_sesse_ridotto.pdf<\/a><\/p>\n<\/li>\n<li>Cavaleri, L., Bajo, M., Barbariol, F., Bastianini, M., Benetazzo, A., Bertotti, L., Chiggiato, J., Davolio, S., Ferrarin, C., Magnusson, L. and Papa, A., 2019. The October 29, 2018 storm in Northern Italy\u2013an exceptional event and its modeling. Prog oceanogr 178, 102178. <a href=\"https:\/\/doi.org\/10.1016\/j.pocean.2019.102178\" target=\"_blank\">https:\/\/doi.org\/10.1016\/j.pocean.2019.102178<\/a><\/li>\n<li>Cavaleri, L., Bertotti, L., Buizza, R., Buzzi, A., Masato, V., Umgiesser, G., Zampieri, M., 2010. Predictability of extreme meteo-oceanographic events in the Adriatic Sea. Q. J. R. Meteorol. Soc. 136, 400\u2013413. <a href=\"https:\/\/doi.org\/10.1002\/qj.567\" target=\"_blank\" rel=\"noopener\">https:\/\/doi.org\/10.1002\/qj.567<\/a><\/li>\n<li>Cerove\u010dki, I., Orli\u0107, M., Hendershott, M.C., 1997. Adriatic seiche decay and energy loss to the Mediterranean. Deep Sea Res. Part Oceanogr. Res. Pap. 44, 2007\u20132029. <a href=\"https:\/\/doi.org\/10.1016\/S0967-0637(97)00056-3\" target=\"_blank\" rel=\"noopener\">https:\/\/doi.org\/10.1016\/S0967-0637(97)00056-3<\/a><\/li>\n<li>[dataset]Copernicus Climate Change Service (C3S), 2017. ERA5: Fifth generation of ECMWF atmospheric reanalyses of the global climate. Copernicus Climate Change Service Climate Data Store (CDS), date of access: 1 March 2023. <a href=\"https:\/\/cds.climate.copernicus.eu\/cdsapp#!\/home\" target=\"_blank\" rel=\"noopener\">https:\/\/cds.climate.copernicus.eu\/cdsapp#!\/home<\/a><\/li>\n<li>De Zolt, S., Lionello, P., Nuhu, A., Tomasin, A., 2006. The disastrous storm of 4 November 1966 on Italy. Nat. Hazards Earth Syst. Sci. 6, 861\u2013879. <a href=\"https:\/\/doi.org\/10.1016\/S0967-0637(97)00056-3\" target=\"_blank\" rel=\"noopener\">https:\/\/doi.org\/10.5194\/nhess-6-861-2006<\/a><\/li>\n<li>Ferrarin, C., Bajo, M., Benetazzo, A., Cavaleri, L., Chiggiato, J., Davison, S., Davolio, S., Lionello, P., Orli\u0107, M., Umgiesser, G., 2021. Local and large-scale controls of the exceptional Venice floods of November 2019. Prog. Oceanogr. 197, 102628. <a href=\"https:\/\/doi.org\/10.1016\/j.pocean.2021.102628\" target=\"_blank\" rel=\"noopener\">https:\/\/doi.org\/10.1016\/j.pocean.2021.102628<\/a><\/li>\n<li>Ferrarin, C., Lionello, P., Orli\u0107, M., Raicich, F. and Salvadori, G., 2022. Venice as a paradigm of coastal flooding under multiple compound drivers. Sci Rep-UK 12(1), p.5754. <a href=\"https:\/\/doi.org\/10.1038\/s41598-022-09652-5\" target=\"_blank\">https:\/\/doi.org\/10.1038\/s41598-022-09652-5<\/a><\/li>\n<li>Ferrarin, C., Orli\u0107, M., Bajo, M., Davolio, S., Umgiesser, G., Lionello, P., 2023. The contribution of a mesoscale cyclone and associated meteotsunami to the exceptional flood in Venice on November 12, 2019. Q. J. R. Meteorol. Soc. 149, 2929\u20132942. <a href=\"https:\/\/doi.org\/10.1002\/qj.4539\" target=\"_blank\">https:\/\/doi.org\/10.1002\/qj.4539<\/a><\/li>\n<li>Ferrarin, C., Valentini, A., Vodopivec, M., Klaric, D., Massaro, G., Bajo, M., De Pascalis, F., Fadini, A., Ghezzo, M., Menegon, S., Bressan, L., Unguendoli, S., Fettich, A., Jerman, J., Li\u010der, M., Fustar, L., Papa, A., Carraro, E., 2020. Integrated sea storm management strategy: the 29 October 2018 event in the Adriatic Sea. Nat. Hazards Earth Syst. Sci. 20, 73\u201393. <a href=\"https:\/\/doi.org\/10.5194\/nhess-20-73-2020\" target=\"_blank\">https:\/\/doi.org\/10.5194\/nhess-20-73-2020<\/a><\/li>\n<li>Finizio, C., Palmieri, S., Riccucci, A., 1972. A numerical model of the Adriatic for the prediction of high tides at Venice. Q. J. R. Meteorol. Soc. 98, 86\u2013104. <a href=\"https:\/\/doi.org\/10.1002\/qj.49709841508\" target=\"_blank\" rel=\"noopener\">https:\/\/doi.org\/10.1002\/qj.49709841508<\/a><\/li>\n<li>Hersbach, H., Bell, B., Berrisford, P., Hirahara, S., Hor\u00e1nyi, A., Mu\u00f1oz-Sabater, J., Nicolas, J., Peubey, C., Radu, R., Schepers, D., Simmons, A., Soci, C., Abdalla, S., Abellan, X., Balsamo, G., Bechtold, P., Biavati, G., Bidlot, J., Bonavita, M., De Chiara, G., Dahlgren, P., Dee, D., Diamantakis, M., Dragani, R., Flemming, J., Forbes, R., Fuentes, M., Geer, A., Haimberger, L., Healy, S., Hogan, R.J., H\u00f3lm, E., Janiskov\u00e1, M., Keeley, S., Laloyaux, P., Lopez, P., Lupu, C., Radnoti, G., de Rosnay, P., Rozum, I., Vamborg, F., Villaume, S., Th\u00e9paut, J.-N., 2020. The ERA5 global reanalysis. Q. J. R. Meteorol. Soc. 146, 1999\u20132049. <a href=\"https:\/\/doi.org\/10.1002\/qj.3803\" target=\"_blank\" rel=\"noopener\">https:\/\/doi.org\/10.1002\/qj.3803<\/a><\/li>\n<li>Janekovi\u0107, I., and Kuzmi\u0107, M., 2005. Numerical simulation of the Adriatic Sea principal tidal constituents. Ann. Geophys. 23, 3207\u20133218. <a href=\"https:\/\/doi.org\/10.5194\/angeo-23-3207-2005\" target=\"_blank\" rel=\"noopener\">https:\/\/doi.org\/10.5194\/angeo-23-3207-2005<\/a><\/li>\n<li>Korbar, T., Navratil, D., Denamiel, C., Kordi\u0107, B., Biolchi, S., Vilibi\u0107, I., Furlani, S., 2022. Coarse-clast storm deposit and solitary boulders on the Island of Mana (NP Kornati, Central Adriatic, Croatia). Geosciences 12(10), 355. <a href=\"https:\/\/doi.org\/10.3390\/geosciences12100355\" target=\"_blank\">https:\/\/doi.org\/10.3390\/geosciences12100355<\/a><\/li>\n<li>Li\u010der, M., Estival, S., Reyes-Suarez, C., Deponte, D. and Fettich, A., 2020. Lagrangian modelling of a person lost at sea during the Adriatic scirocco storm of 29 October 2018. Nat Hazard Earth Sys 20(8), 2335-2349. <a href=\"https:\/\/doi.org\/10.5194\/nhess-20-2335-2020\" target=\"_blank\">https:\/\/doi.org\/10.5194\/nhess-20-2335-2020<\/a><\/li>\n<li>Lionello, P., Barriopedro, D., Ferrarin, C., Nicholls, R.J., Orli\u0107, M., Raicich, F., Reale, M., Umgiesser, G., Vousdoukas, M., Zanchettin, D., 2021. Extreme floods of Venice: characteristics, dynamics, past and future evolution (review article). Nat. Hazards Earth Syst. Sci. 21, 2705\u20132731. <a href=\"https:\/\/doi.org\/10.5194\/nhess-21-2705-2021\" target=\"_blank\" rel=\"noopener\">https:\/\/doi.org\/10.5194\/nhess-21-2705-2021<\/a><\/li>\n<li>Malguzzi, P., Grossi, G., Buzzi, A., Ranzi, R., Buizza, R., 2006. The 1966 \u201ccentury\u201d flood in Italy: A meteorological and hydrological revisitation. J. Geophys. Res. Atmospheres 111. <a href=\"https:\/\/doi.org\/10.1029\/2006JD007111\" target=\"_blank\" rel=\"noopener\">https:\/\/doi.org\/10.1029\/2006JD007111<\/a><\/li>\n<li>Me\u0111ugorac, I., Jambro\u0161i\u0107, K., Doli\u010dki, D., Kuzmi\u0107, J., \u0160epi\u0107, J., Vrki\u0107 Seidl, I.,and Ga\u0161parac, G., 2025.&nbsp;Catalogue of extreme sea levels recorded at tide-gauge station Bakar in the northeastern Adriatic Sea (Mediterranean), Ocean Sci 21, 2929\u20133001.&nbsp;<a href=\"https:\/\/doi.org\/10.5194\/os-21-2929-2025\" target=\"_blank\">https:\/\/doi.org\/10.5194\/os-21-2929-2025<\/a><\/li>\n<li>[dataset] Me\u0111ugorac, I., Pasari\u0107, M., Orli\u0107, M., 2024. Historical sea-level measurements at Bakar (east Adriatic). SEANOE. <a href=\"https:\/\/doi.org\/10.17882\/85171\" target=\"_blank\" rel=\"noopener\">https:\/\/doi.org\/10.17882\/85171<\/a><\/li>\n<li>Me\u0111ugorac, I., Pasari\u0107, M., Orli\u0107, M., 2022. Long-term measurements at Bakar tide-gauge station (east Adriatic). Geofizika 39, 149\u2013162. <a href=\"https:\/\/doi.org\/10.15233\/gfz.2022.39.8\" target=\"_blank\" rel=\"noopener\">https:\/\/doi.org\/10.15233\/gfz.2022.39.8<\/a><\/li>\n<li>Me\u0111ugorac, I., Orli\u0107, M., Janekovi\u0107, I., Pasari\u0107, Z., Pasari\u0107, M., 2018. Adriatic storm surges and related cross-basin sea-level slope. J. Mar. Syst. 181, 79\u201390. <a href=\"https:\/\/doi.org\/10.1016\/j.jmarsys.2018.02.005\" target=\"_blank\">https:\/\/doi.org\/10.1016\/j.jmarsys.2018.02.005<\/a><\/li>\n<li>Me\u0111ugorac, I., Pasari\u0107, M., Orli\u0107, M., 2015. Severe flooding along the eastern Adriatic coast: the case of 1 December 2008. Ocean Dyn. 65, 817\u2013830. <a href=\"https:\/\/doi.org\/10.1007\/s10236-015-0835-9\" target=\"_blank\" rel=\"noopener\">https:\/\/doi.org\/10.1007\/s10236-015-0835-9<\/a><\/li>\n<li>Me\u0111ugorac, I., Pasari\u0107, M., Pasari\u0107, Z., Orli\u0107, M., 2016. Two recent storm-surge episodes in the adriatic. Int. J. Saf. Secur. Eng. 6, 589\u2013596. <a href=\"https:\/\/doi.org\/10.2495\/SAFE-V6-N3-589-596\" target=\"_blank\" rel=\"noopener\">https:\/\/doi.org\/10.2495\/SAFE-V6-N3-589-596<\/a><\/li>\n<li>Mel, R.A., Coraci, E., Morucci, S., Crosato, F., Cornello, M., Casaioli, M., Mariani, S., Carniello, L., Papa, A., Bonometto, A., Ferla, M., 2023. Insights on the Extreme Storm Surge Event of the 22 November 2022 in the Venice Lagoon. J. Mar. Sci. Eng. 11, 1750. <a href=\"https:\/\/doi.org\/10.3390\/jmse11091750\" target=\"_blank\">https:\/\/doi.org\/10.3390\/jmse11091750<\/a><\/li>\n<li>Morucci, S., Coraci, E., Crosato, F. and Ferla, M., 2020. Extreme events in Venice and in the North Adriatic Sea: 28\u201329 October 2018. Rend Lincei-Sci Fis, 31, 113-122. <a href=\"https:\/\/doi.org\/10.1007\/s12210-020-00882-1\" target=\"_blank\">https:\/\/doi.org\/10.1007\/s12210-020-00882-1<\/a><\/li>\n<li>Mosetti, F., 1985. Problems on storm surges forecasting in the Northern Adriatic Sea. Boll Oceanol Teor Appl 3(4), 263\u2013297<br><\/li>\n<li>[dataset] Natural Earth. Free vector and raster map data. <a href=\"https:\/www.naturalearthdata.com\">https:\/www.naturalearthdata.com<\/a><\/li>\n<li>Orli\u0107, M. and Pasari\u0107, M., 2024. How to disentangle sea-level rise and a number of other processes influencing coastal floods?. Rend Lincei-Sci Fis, 1-10. <a href=\"https:\/\/doi.org\/10.21203\/rs.3.rs-3894348\/v1\" target=\"_blank\">https:\/\/doi.org\/10.21203\/rs.3.rs-3894348\/v1<\/a><\/li>\n<li>Pasari\u0107, M., 2000. <a href=\"https:\/\/www.croris.hr\/crosbi\/publikacija\/ocjenski-rad\/331812\" target=\"_blank\">Variations of sea level in the Adriatic caused by slowly changing air pressure and wind<\/a>. University of Zagreb, Zagreb. (In Croatian)<br><\/li>\n<li>Pasari\u0107, M., Pasari\u0107, Z., Orli\u0107, M., 2000. Response of the Adriatic sea level to the air pressure and wind forcing at low frequencies (0.01\u20130.1 cpd). J. Geophys. Res. Oceans 105, 11423\u201311439. <a href=\"https:\/\/doi.org\/10.1029\/2000JC900023\" target=\"_blank\" rel=\"noopener\">https:\/\/doi.org\/10.1029\/2000JC900023<\/a><\/li>\n<li>Pervan, M., and \u0160epi\u0107, J., 2023. Analysis of the eastern Adriatic sea level extremes. ST-OPEN 4, 1-19. <a href=\"https:\/\/hrcak.srce.hr\/file\/443083\" target=\"_blank\">https:\/\/hrcak.srce.hr\/file\/443083<\/a><\/li>\n<li>Roland, A., Cucco, A., Ferrarin, C., Hsu, T.W., Liau, J.M., Ou, S.H., Umgiesser, G., Zanke, U., 2009. On the development and verification of a 2-D coupled wave-current model on unstructured meshes. J Marine Syst 78, S244-S254. <a href=\"https:\/\/doi.org\/10.1016\/j.jmarsys.2009.01.026\" target=\"_blank\">https:\/\/doi.org\/10.1016\/j.jmarsys.2009.01.026<\/a><\/li>\n<li>Ro\u017ei\u0107, N., 2009. Hrvatski transformacijski model visina. (In Croatian)<\/li>\n<li>Rui\u0107, K., \u0160epi\u0107, J., Mlinar, M., Me\u0111ugorac, I., 2023. Contribution of high-frequency (T\u2009&lt;\u20092 h) sea level oscillations to the Adriatic sea level maxima. Nat. Hazards 116, 3747\u20133777. <a href=\"https:\/\/doi.org\/10.1007\/s11069-023-05834-0\" target=\"_blank\" rel=\"noopener\">https:\/\/doi.org\/10.1007\/s11069-023-05834-0<\/a><\/li>\n<li>Rus, M., Fettich, A., Kristan, M., Li\u010der, M., 2023. HIDRA2: deep-learning ensemble sea level and storm tide forecasting in the presence of seiches \u2013 the case of the northern Adriatic, Geosci. Model Dev. 16, 271\u2013288. <a href=\"https:\/\/doi.org\/10.5194\/gmd-16-271-2023\" target=\"_blank\">https:\/\/doi.org\/10.5194\/gmd-16-271-2023<\/a><\/li>\n<li>Rus, M., Mihanovi\u0107, H., Li\u010der, M., Kristan, M., 2024. HIDRA3: a robust deep-learning model for multi-point ensemble sea level forecasting, EGUsphere [preprint], <a href=\"https:\/\/doi.org\/10.5194\/egusphere-2024-2068\" target=\"_blank\">https:\/\/doi.org\/10.5194\/egusphere-2024-2068<\/a><\/li>\n<li>\u0160epi\u0107, J., Pasari\u0107, M., Me\u0111ugorac, I., Vilibi\u0107, I., Karlovi\u0107, M., Mlinar, M., 2022. Climatology and process-oriented analysis of the Adriatic sea level extremes. Prog. Oceanogr. 209, 102908. <a href=\"https:\/\/doi.org\/10.1016\/j.pocean.2022.102908\" target=\"_blank\" rel=\"noopener\">https:\/\/doi.org\/10.1016\/j.pocean.2022.102908<\/a><\/li>\n<li>Slivinski, L.C., Compo, G.P., Whitaker, J.S., Sardeshmukh, P.D., Giese, B.S., McColl, C., Allan, R., Yin, X., Vose, R., Titchner, H., Kennedy, J., Spencer, L.J., Ashcroft, L., Br\u00f6nnimann, S., Brunet, M., Camuffo, D., Cornes, R., Cram, T.A., Crouthamel, R., Dom\u00ednguez-Castro, F., Freeman, J.E., Gergis, J., Hawkins, E., Jones, P.D., Jourdain, S., Kaplan, A., Kubota, H., Blancq, F.L., Lee, T.-C., Lorrey, A., Luterbacher, J., Maugeri, M., Mock, C.J., Moore, G.W.K., Przybylak, R., Pudmenzky, C., Reason, C., Slonosky, V.C., Smith, C.A., Tinz, B., Trewin, B., Valente, M.A., Wang, X.L., Wilkinson, C., Wood, K., Wyszy\u0144ski, P., 2019. Towards a more reliable historical reanalysis: Improvements for version 3 of the Twentieth Century Reanalysis system. Q. J. R. Meteorol. Soc. 145, 2876\u20132908. <a href=\"https:\/\/doi.org\/10.1002\/qj.3598\" target=\"_blank\" rel=\"noopener\">https:\/\/doi.org\/10.1002\/qj.3598<\/a><\/li>\n<li>Stravisi, F., and Marussi, SA., 1973. Analysis of a storm surge in Adriatic Sea by means of a 2-dimensional linear-model. Atti Accad Naz Lincei Cl Sci Fis Mat Nat 54(2), 243\u2013260<\/li>\n<li>Trigo, I.F., and Davies, T.D., 2002. Meteorological conditions associated with sea surges in Venice: a 40 year climatology. Int. J. Climatol. 22, 787\u2013803. <a href=\"https:\/\/doi.org\/10.1002\/joc.719\" target=\"_blank\" rel=\"noopener\">https:\/\/doi.org\/10.1002\/joc.719<\/a><\/li>\n<li>Trincardi, F., Barbanti, A., Bastianini, M., Benetazzo, A., Cavaleri, L., Chiggiato, J., Papa, A., Pomaro, A., Sclavo, M., Tosi, L. and Umgiesser, G., 2016. The 1966 flooding of Venice: What time taught us for the future. Oceanography 29(4), 178-186.&nbsp; <a href=\"https:\/\/doi.org\/10.5670\/oceanog.2016.87\" target=\"_blank\">https:\/\/doi.org\/10.5670\/oceanog.2016.87<\/a><\/li>\n<li>Zampato, L., Bajo, M., Canestrelli, P. and Umgiesser, G., 2016. Storm surge modelling in Venice: two years of operational results. J Oper Oceanogr 9(S1), s46-s57. <a href=\"https:\/\/doi.org\/10.1080\/1755876X.2015.1118804\" target=\"_blank\">https:\/\/doi.org\/10.1080\/1755876X.2015.1118804<\/a><\/li>\n<li>\u017dust, L., Fettich, A., Kristan, M., Li\u010der, M., 2021. HIDRA 1.0: deep-learning-based ensemble sea level forecasting in the northern Adriatic, Geosci. Model Dev. 14, 2057\u20132074. <a href=\"https:\/\/doi.org\/10.5194\/gmd-14-2057-2021\" target=\"_blank\">https:\/\/doi.org\/10.5194\/gmd-14-2057-2021<\/a><\/li>\n<\/ul><\/div>\n\t\t\t\t\t\t\t\t\t<div class=\"elementor-tab-title elementor-tab-mobile-title\" aria-selected=\"false\" data-tab=\"2\" role=\"tab\" tabindex=\"-1\" aria-controls=\"elementor-tab-content-2182\" aria-expanded=\"false\">OTHER SOURCES<\/div>\n\t\t\t\t\t<div id=\"elementor-tab-content-2182\" class=\"elementor-tab-content elementor-clearfix\" data-tab=\"2\" role=\"tabpanel\" aria-labelledby=\"elementor-tab-title-2182\" tabindex=\"0\" hidden=\"hidden\"><ul>\n<li>Dubrova\u010dki vjesnik, 22 November 2022<\/li>\n<li>Index.hr, 22 November 2022<\/li><li>Jutarnji list, 29 and 31 October 2018<\/li>\n<li>Jutarnji list, 17 November 2019<\/li><li>Jutarnji list, 8 December 2020<\/li><li>Jutarnji list, 2 December 2008<\/li>\n<li>Novi List, 10 December 2021<\/li>\n\n<li>Novi list, 14 November 2019<\/li><li>Novi list, 30 and 31 October 2018<\/li>\n<li>Novi list, 2 November 2012 <br><\/li><li>Novi list, 24 December 2009<\/li><li>Novi list, 2 December 2008<\/li><li>Novi list, 11 December 1990<\/li><li>Novi list, 28 November 1987<\/li><li>Novi list, 3 February 1986<\/li><li>Novi list, 27 October 1980<\/li>\n<li>Novi list, 24 December 1979<\/li>\n\n\n<li>Novi list, 25 November 1969<\/li><li>Novi list, 4 November 1968<\/li><li>Novi list, 5, 6 and 7 November 1966<\/li><li>Novi list, 25 January 1966<\/li>\n<li>Obzor, 16 December 1937<\/li>\n<li>Poslovni dnevnik, 22 November 2022<\/li>\n<li>Primorske novine, 17 December 1937<\/li>\n<li>Slobodna Dalmacija, 12 December 1990<\/li>\n<li>Slobodna Dalmacija, 14 November 2019<\/li>\n<li>Slobodna Dalmacija, 2 November 2012<\/li>\n<li>Slobodna Dalmacija, 24 December 1979<\/li>\n<li>Slobodna Dalmacija, 25 December 2019<\/li>\n<li>Slobodna Dalmacija, 26 December 1958<br><\/li>\n<li>Slobodna Dalmacija, 26 November 1987<\/li>\n<li>Slobodna Dalmacija, 27 October 1980<\/li>\n<li>Slobodna Dalmacija, 3 February 1986<\/li>\n<li>Slobodna Dalmacija, 3 November 2012<\/li>\n<li>Slobodna Dalmacija, 30 and 31 October 2018<\/li>\n<li>Slobodna Dalmacija, 4 and 5 December 2010<\/li><li>Slobodna Dalmacija, 2 December 2008<\/li><li>Ve\u010dernji list, 2 December 2008<\/li>\n<li>Ve\u010dernji list, 11 December 1990<\/li>\n<li>Ve\u010dernji list, 27 October 1980<\/li><li>Vjesnik, 2 December 2008<\/li>\n<li>Vjesnik, 5 November 1966<br><\/li>\n<\/ul><\/div>\n\t\t\t\t\t\t\t<\/div>\n\t\t<\/div>\n\t\t\t\t\t\t<\/div>\n\t\t\t\t<\/div>\n\t\t\t\t\t<\/div>\n\t\t<\/div>\n\t\t\t\t\t<\/div>\n\t\t<\/section>\n\t\t\t\t<\/div>\n\t\t","protected":false},"excerpt":{"rendered":"<p>LITERATURE SCIENTIFIC LITERATURE OTHER SOURCES SCIENTIFIC LITERATURE Accerboni, E., and Manca, B., 1973. Storm surge forecasting in the Adriatic Sea by means of a 2d hydrodynamical numerical model. Boll Geofis Teor Appl 15(57), 3\u201322 Bajo, M., Me\u0111ugorac, I., Umgiesser, G., Orli\u0107, M., 2019. Storm surge and seiche modelling in the Adriatic Sea and the impact&hellip; <a class=\"more-link\" href=\"https:\/\/projekti.pmfst.unist.hr\/floods\/storm-surges\/literature\/\">Continue reading <span class=\"screen-reader-text\">Literature<\/span><\/a><\/p>\n","protected":false},"author":1,"featured_media":0,"parent":0,"menu_order":0,"comment_status":"closed","ping_status":"closed","template":"","meta":{"footnotes":""},"class_list":["post-27","page","type-page","status-publish","hentry","entry"],"_links":{"self":[{"href":"https:\/\/projekti.pmfst.unist.hr\/floods\/storm-surges\/wp-json\/wp\/v2\/pages\/27","targetHints":{"allow":["GET"]}}],"collection":[{"href":"https:\/\/projekti.pmfst.unist.hr\/floods\/storm-surges\/wp-json\/wp\/v2\/pages"}],"about":[{"href":"https:\/\/projekti.pmfst.unist.hr\/floods\/storm-surges\/wp-json\/wp\/v2\/types\/page"}],"author":[{"embeddable":true,"href":"https:\/\/projekti.pmfst.unist.hr\/floods\/storm-surges\/wp-json\/wp\/v2\/users\/1"}],"replies":[{"embeddable":true,"href":"https:\/\/projekti.pmfst.unist.hr\/floods\/storm-surges\/wp-json\/wp\/v2\/comments?post=27"}],"version-history":[{"count":170,"href":"https:\/\/projekti.pmfst.unist.hr\/floods\/storm-surges\/wp-json\/wp\/v2\/pages\/27\/revisions"}],"predecessor-version":[{"id":4701,"href":"https:\/\/projekti.pmfst.unist.hr\/floods\/storm-surges\/wp-json\/wp\/v2\/pages\/27\/revisions\/4701"}],"wp:attachment":[{"href":"https:\/\/projekti.pmfst.unist.hr\/floods\/storm-surges\/wp-json\/wp\/v2\/media?parent=27"}],"curies":[{"name":"wp","href":"https:\/\/api.w.org\/{rel}","templated":true}]}}