{"id":29,"date":"2021-08-27T10:00:13","date_gmt":"2021-08-27T08:00:13","guid":{"rendered":"https:\/\/projekti.pmfst.unist.hr\/floods\/meteotsunamis\/?page_id=29"},"modified":"2023-04-12T09:42:40","modified_gmt":"2023-04-12T07:42:40","slug":"cultural-heritage","status":"publish","type":"page","link":"https:\/\/projekti.pmfst.unist.hr\/floods\/meteotsunamis\/cultural-heritage\/","title":{"rendered":"Cultural Heritage"},"content":{"rendered":"\t\t<div data-elementor-type=\"wp-page\" data-elementor-id=\"29\" class=\"elementor elementor-29\" data-elementor-post-type=\"page\">\n\t\t\t\t\t\t<section class=\"elementor-section elementor-top-section elementor-element elementor-element-68bb1287 elementor-section-content-middle elementor-section-boxed elementor-section-height-default elementor-section-height-default\" data-id=\"68bb1287\" data-element_type=\"section\">\n\t\t\t\t\t\t<div class=\"elementor-container elementor-column-gap-no\">\n\t\t\t\t\t<div class=\"elementor-column elementor-col-100 elementor-top-column elementor-element elementor-element-79227323\" data-id=\"79227323\" data-element_type=\"column\">\n\t\t\t<div class=\"elementor-widget-wrap elementor-element-populated\">\n\t\t\t\t\t\t<div class=\"elementor-element elementor-element-e132eb0 elementor-widget elementor-widget-heading\" data-id=\"e132eb0\" data-element_type=\"widget\" data-widget_type=\"heading.default\">\n\t\t\t\t<div class=\"elementor-widget-container\">\n\t\t\t\t\t<h2 class=\"elementor-heading-title elementor-size-default\">CULTURAL HERITAGE<\/h2>\t\t\t\t<\/div>\n\t\t\t\t<\/div>\n\t\t\t\t<div class=\"elementor-element elementor-element-6bff759 elementor-widget elementor-widget-heading\" data-id=\"6bff759\" data-element_type=\"widget\" data-widget_type=\"heading.default\">\n\t\t\t\t<div class=\"elementor-widget-container\">\n\t\t\t\t\t<h4 class=\"elementor-heading-title elementor-size-default\"><span style=\"font-weight: normal\">Legend of March Friday*<\/span><\/h4>\t\t\t\t<\/div>\n\t\t\t\t<\/div>\n\t\t\t\t<section class=\"elementor-section elementor-inner-section elementor-element elementor-element-ffa5a5d elementor-section-boxed elementor-section-height-default elementor-section-height-default\" data-id=\"ffa5a5d\" data-element_type=\"section\">\n\t\t\t\t\t\t<div class=\"elementor-container elementor-column-gap-default\">\n\t\t\t\t\t<div class=\"elementor-column elementor-col-100 elementor-inner-column elementor-element elementor-element-12e2212\" data-id=\"12e2212\" data-element_type=\"column\">\n\t\t\t<div class=\"elementor-widget-wrap elementor-element-populated\">\n\t\t\t\t\t\t<div class=\"elementor-element elementor-element-da95920 elementor-widget elementor-widget-image\" data-id=\"da95920\" data-element_type=\"widget\" data-widget_type=\"image.default\">\n\t\t\t\t<div class=\"elementor-widget-container\">\n\t\t\t\t\t\t\t\t\t\t\t\t\t\t\t<img fetchpriority=\"high\" decoding=\"async\" width=\"956\" height=\"351\" src=\"https:\/\/projekti.pmfst.unist.hr\/floods\/meteotsunamis\/wp-content\/uploads\/2022\/01\/vrboska_opcenito.jpg\" class=\"attachment-2048x2048 size-2048x2048 wp-image-1134\" alt=\"Vrboska, Island Hvar\" srcset=\"https:\/\/projekti.pmfst.unist.hr\/floods\/meteotsunamis\/wp-content\/uploads\/2022\/01\/vrboska_opcenito.jpg 956w, https:\/\/projekti.pmfst.unist.hr\/floods\/meteotsunamis\/wp-content\/uploads\/2022\/01\/vrboska_opcenito-300x110.jpg 300w, https:\/\/projekti.pmfst.unist.hr\/floods\/meteotsunamis\/wp-content\/uploads\/2022\/01\/vrboska_opcenito-768x282.jpg 768w\" sizes=\"(max-width: 956px) 100vw, 956px\" style=\"width:100%;height:36.72%;max-width:956px\" \/>\t\t\t\t\t\t\t\t\t\t\t\t\t\t\t<\/div>\n\t\t\t\t<\/div>\n\t\t\t\t<div class=\"elementor-element elementor-element-81c0961 elementor-widget elementor-widget-text-editor\" data-id=\"81c0961\" data-element_type=\"widget\" data-widget_type=\"text-editor.default\">\n\t\t\t\t<div class=\"elementor-widget-container\">\n\t\t\t\t\t\t\t\t\t<p>Vrboska is a small village on the northern coast of Hvar island, built in the 15th century by inhabitants of a nearby village Vrbanj (<a href=\"https:\/\/hr.wikipedia.org\/wiki\/Mara%C5%A1ki_petak\" target=\"_blank\" rel=\"noopener\">Wikipedia, Mara\u0161ki petak<\/a>). At the end of the 16 century, villagers of Vrboska divided into two confraternities: one confraternity was in favor of separating Vrboska parish from the Vrbanj parish, and the other was against it. Within a few decades, discord between the two groups grew into true animosity.<\/p>\t\t\t\t\t\t\t\t<\/div>\n\t\t\t\t<\/div>\n\t\t\t\t\t<\/div>\n\t\t<\/div>\n\t\t\t\t\t<\/div>\n\t\t<\/section>\n\t\t\t\t<section class=\"elementor-section elementor-inner-section elementor-element elementor-element-6f2aaab elementor-section-boxed elementor-section-height-default elementor-section-height-default\" data-id=\"6f2aaab\" data-element_type=\"section\">\n\t\t\t\t\t\t<div class=\"elementor-container elementor-column-gap-default\">\n\t\t\t\t\t<div class=\"elementor-column elementor-col-100 elementor-inner-column elementor-element elementor-element-d14b677\" data-id=\"d14b677\" data-element_type=\"column\">\n\t\t\t<div class=\"elementor-widget-wrap elementor-element-populated\">\n\t\t\t\t\t\t<div class=\"elementor-element elementor-element-dbcb53f elementor-widget elementor-widget-google_maps\" data-id=\"dbcb53f\" data-element_type=\"widget\" data-widget_type=\"google_maps.default\">\n\t\t\t\t<div class=\"elementor-widget-container\">\n\t\t\t\t\t\t\t<div class=\"elementor-custom-embed\">\n\t\t\t<iframe loading=\"lazy\"\n\t\t\t\t\tsrc=\"https:\/\/maps.google.com\/maps?q=Vrbosvka%2C%20Hvar&#038;t=m&#038;z=12&#038;output=embed&#038;iwloc=near\"\n\t\t\t\t\ttitle=\"Vrbosvka, Hvar\"\n\t\t\t\t\taria-label=\"Vrbosvka, Hvar\"\n\t\t\t><\/iframe>\n\t\t<\/div>\n\t\t\t\t\t\t<\/div>\n\t\t\t\t<\/div>\n\t\t\t\t\t<\/div>\n\t\t<\/div>\n\t\t\t\t\t<\/div>\n\t\t<\/section>\n\t\t\t\t<section class=\"elementor-section elementor-inner-section elementor-element elementor-element-4dafd20 elementor-section-boxed elementor-section-height-default elementor-section-height-default\" data-id=\"4dafd20\" data-element_type=\"section\">\n\t\t\t\t\t\t<div class=\"elementor-container elementor-column-gap-default\">\n\t\t\t\t\t<div class=\"elementor-column elementor-col-50 elementor-inner-column elementor-element elementor-element-17bf470\" data-id=\"17bf470\" data-element_type=\"column\">\n\t\t\t<div class=\"elementor-widget-wrap elementor-element-populated\">\n\t\t\t\t\t\t<div class=\"elementor-element elementor-element-f838281 elementor-widget elementor-widget-text-editor\" data-id=\"f838281\" data-element_type=\"widget\" data-widget_type=\"text-editor.default\">\n\t\t\t\t<div class=\"elementor-widget-container\">\n\t\t\t\t\t\t\t\t\t<p>Then, on 11 April 1614, a miracle happened. A girl Katarina Ordinanovi\u0107 (daughter of a sailor Petar Ordinanovi\u0107) noticed tears of blood dropping from a crucifix in the Ordinanovi\u0107 family house. Shocked family called other villagers and pastor to witness the miracle. It was soon decided that the bleeding cross will be taken to the St. Mary fortress-church. While procession was taking place, a meteotsunami (\u0161\u0107iga) flooded the village &#8211; it was impossible to cross to the other side of village using a bridge &#8211; and procession had to go all the way around the bay, through disunited confraternities Podva and Pjaca. Christ&#8217;s tears of blood and \u0161\u0107iga symbolically united Vrboska, and were seen as a sign that villagers have to make peace among themselves. Ever since, the story has been passed from one generation to another, and March Friday is up to this date considered to be one of the most significant religious holidays in Vrboska.<\/p>\t\t\t\t\t\t\t\t<\/div>\n\t\t\t\t<\/div>\n\t\t\t\t\t<\/div>\n\t\t<\/div>\n\t\t\t\t<div class=\"elementor-column elementor-col-50 elementor-inner-column elementor-element elementor-element-3c7e24c\" data-id=\"3c7e24c\" data-element_type=\"column\">\n\t\t\t<div class=\"elementor-widget-wrap elementor-element-populated\">\n\t\t\t\t\t\t<div class=\"elementor-element elementor-element-2e8696a elementor-widget elementor-widget-image\" data-id=\"2e8696a\" data-element_type=\"widget\" data-widget_type=\"image.default\">\n\t\t\t\t<div class=\"elementor-widget-container\">\n\t\t\t\t\t\t\t\t\t\t\t\t<figure class=\"wp-caption\">\n\t\t\t\t\t\t\t\t\t\t<img decoding=\"async\" width=\"868\" height=\"859\" src=\"https:\/\/projekti.pmfst.unist.hr\/floods\/meteotsunamis\/wp-content\/uploads\/2022\/01\/vrboska_sv_marija.jpg\" class=\"attachment-2048x2048 size-2048x2048 wp-image-1194\" alt=\"Sv. Marija, Vrboska, Island Hvar\" srcset=\"https:\/\/projekti.pmfst.unist.hr\/floods\/meteotsunamis\/wp-content\/uploads\/2022\/01\/vrboska_sv_marija.jpg 868w, https:\/\/projekti.pmfst.unist.hr\/floods\/meteotsunamis\/wp-content\/uploads\/2022\/01\/vrboska_sv_marija-300x297.jpg 300w, https:\/\/projekti.pmfst.unist.hr\/floods\/meteotsunamis\/wp-content\/uploads\/2022\/01\/vrboska_sv_marija-768x760.jpg 768w\" sizes=\"(max-width: 868px) 100vw, 868px\" style=\"width:100%;height:98.96%;max-width:868px\" \/>\t\t\t\t\t\t\t\t\t\t\t<figcaption class=\"widget-image-caption wp-caption-text\">Sv. Marija, Vrboska, Island Hvar<\/figcaption>\n\t\t\t\t\t\t\t\t\t\t<\/figure>\n\t\t\t\t\t\t\t\t\t<\/div>\n\t\t\t\t<\/div>\n\t\t\t\t<div class=\"elementor-element elementor-element-35711cb elementor-widget elementor-widget-text-editor\" data-id=\"35711cb\" data-element_type=\"widget\" data-widget_type=\"text-editor.default\">\n\t\t\t\t<div class=\"elementor-widget-container\">\n\t\t\t\t\t\t\t\t\t<p>*March Friday is a Croatian catholic holiday of Miraculous Holy Cross. It is called March Friday, because it is celebrated on the first Friday in March.<\/p>\t\t\t\t\t\t\t\t<\/div>\n\t\t\t\t<\/div>\n\t\t\t\t\t<\/div>\n\t\t<\/div>\n\t\t\t\t\t<\/div>\n\t\t<\/section>\n\t\t\t\t\t<\/div>\n\t\t<\/div>\n\t\t\t\t\t<\/div>\n\t\t<\/section>\n\t\t\t\t<\/div>\n\t\t","protected":false},"excerpt":{"rendered":"<p>CULTURAL HERITAGE Legend of March Friday* Vrboska is a small village on the northern coast of Hvar island, built in the 15th century by inhabitants of a nearby village Vrbanj (Wikipedia, Mara\u0161ki petak). At the end of the 16 century, villagers of Vrboska divided into two confraternities: one confraternity was in favor of separating Vrboska&hellip; <a class=\"more-link\" href=\"https:\/\/projekti.pmfst.unist.hr\/floods\/meteotsunamis\/cultural-heritage\/\">Continue reading <span class=\"screen-reader-text\">Cultural Heritage<\/span><\/a><\/p>\n","protected":false},"author":1,"featured_media":0,"parent":0,"menu_order":0,"comment_status":"closed","ping_status":"closed","template":"","meta":{"footnotes":""},"class_list":["post-29","page","type-page","status-publish","hentry","entry"],"_links":{"self":[{"href":"https:\/\/projekti.pmfst.unist.hr\/floods\/meteotsunamis\/wp-json\/wp\/v2\/pages\/29","targetHints":{"allow":["GET"]}}],"collection":[{"href":"https:\/\/projekti.pmfst.unist.hr\/floods\/meteotsunamis\/wp-json\/wp\/v2\/pages"}],"about":[{"href":"https:\/\/projekti.pmfst.unist.hr\/floods\/meteotsunamis\/wp-json\/wp\/v2\/types\/page"}],"author":[{"embeddable":true,"href":"https:\/\/projekti.pmfst.unist.hr\/floods\/meteotsunamis\/wp-json\/wp\/v2\/users\/1"}],"replies":[{"embeddable":true,"href":"https:\/\/projekti.pmfst.unist.hr\/floods\/meteotsunamis\/wp-json\/wp\/v2\/comments?post=29"}],"version-history":[{"count":164,"href":"https:\/\/projekti.pmfst.unist.hr\/floods\/meteotsunamis\/wp-json\/wp\/v2\/pages\/29\/revisions"}],"predecessor-version":[{"id":2709,"href":"https:\/\/projekti.pmfst.unist.hr\/floods\/meteotsunamis\/wp-json\/wp\/v2\/pages\/29\/revisions\/2709"}],"wp:attachment":[{"href":"https:\/\/projekti.pmfst.unist.hr\/floods\/meteotsunamis\/wp-json\/wp\/v2\/media?parent=29"}],"curies":[{"name":"wp","href":"https:\/\/api.w.org\/{rel}","templated":true}]}}